{"id":5458,"date":"2024-08-05T23:44:39","date_gmt":"2024-08-05T21:44:39","guid":{"rendered":"https:\/\/www.rixon.eu\/kde-kupit\/"},"modified":"2025-03-24T08:09:49","modified_gmt":"2025-03-24T07:09:49","slug":"kde-kupit","status":"publish","type":"page","link":"https:\/\/www.rixon.eu\/sk\/kde-kupit\/","title":{"rendered":"Kde k\u00fapi\u0165"},"content":{"rendered":"\t\t<div data-elementor-type=\"wp-page\" data-elementor-id=\"5458\" class=\"elementor elementor-5458 elementor-522\" data-elementor-post-type=\"page\">\n\t\t\t\t<div class=\"elementor-element elementor-element-7554715 e-flex e-con-boxed e-con e-parent\" data-id=\"7554715\" data-element_type=\"container\" data-settings=\"{&quot;background_background&quot;:&quot;classic&quot;,&quot;background_motion_fx_motion_fx_scrolling&quot;:&quot;yes&quot;,&quot;background_motion_fx_translateY_effect&quot;:&quot;yes&quot;,&quot;background_motion_fx_translateY_direction&quot;:&quot;negative&quot;,&quot;background_motion_fx_translateY_speed&quot;:{&quot;unit&quot;:&quot;px&quot;,&quot;size&quot;:4,&quot;sizes&quot;:[]},&quot;background_motion_fx_translateY_affectedRange&quot;:{&quot;unit&quot;:&quot;%&quot;,&quot;size&quot;:&quot;&quot;,&quot;sizes&quot;:{&quot;start&quot;:0,&quot;end&quot;:100}},&quot;background_motion_fx_devices&quot;:[&quot;desktop&quot;,&quot;laptop&quot;,&quot;tablet&quot;,&quot;mobile&quot;]}\">\n\t\t\t\t\t<div class=\"e-con-inner\">\n\t\t\t\t<div class=\"elementor-element elementor-element-b34c662 elementor-invisible elementor-widget elementor-widget-heading\" data-id=\"b34c662\" data-element_type=\"widget\" data-settings=\"{&quot;_animation&quot;:&quot;fadeInDown&quot;,&quot;_animation_delay&quot;:200}\" data-widget_type=\"heading.default\">\n\t\t\t\t<div class=\"elementor-widget-container\">\n\t\t\t\t\t<h1 class=\"elementor-heading-title elementor-size-default\">Kde k\u00fapi\u0165<\/h1>\t\t\t\t<\/div>\n\t\t\t\t<\/div>\n\t\t\t\t<div class=\"elementor-element elementor-element-764972f elementor-invisible elementor-widget elementor-widget-heading\" data-id=\"764972f\" data-element_type=\"widget\" data-settings=\"{&quot;_animation&quot;:&quot;fadeInDown&quot;,&quot;_animation_delay&quot;:200}\" data-widget_type=\"heading.default\">\n\t\t\t\t<div class=\"elementor-widget-container\">\n\t\t\t\t\t<h2 class=\"elementor-heading-title elementor-size-default\">V\u00fdrobky Rixon s\u00fa v s\u00fa\u010dasnosti dostupn\u00e9 v t\u00fdchto predajniach:<\/h2>\t\t\t\t<\/div>\n\t\t\t\t<\/div>\n\t\t<div class=\"elementor-element elementor-element-98581f3 e-con-full e-flex e-con e-child\" data-id=\"98581f3\" data-element_type=\"container\" id=\"partneri\">\n\t\t\t\t<div class=\"elementor-element elementor-element-feb2416 elementor-widget elementor-widget-image\" data-id=\"feb2416\" data-element_type=\"widget\" id=\"smarty\" data-widget_type=\"image.default\">\n\t\t\t\t<div class=\"elementor-widget-container\">\n\t\t\t\t\t\t\t\t\t\t\t\t\t\t\t\t<a href=\"https:\/\/www.smarty.cz\/Vyhledavani?query=rixon\" target=\"_blank\" rel=\"noopener\">\n\t\t\t\t\t\t\t<img fetchpriority=\"high\" decoding=\"async\" width=\"300\" height=\"300\" src=\"https:\/\/www.rixon.eu\/wp-content\/uploads\/2024\/08\/smarty.webp\" class=\"attachment-full size-full wp-image-1204\" alt=\"\" srcset=\"https:\/\/www.rixon.eu\/wp-content\/uploads\/2024\/08\/smarty.webp 300w, https:\/\/www.rixon.eu\/wp-content\/uploads\/2024\/08\/smarty-100x100.webp 100w, https:\/\/www.rixon.eu\/wp-content\/uploads\/2024\/08\/smarty-150x150.webp 150w\" sizes=\"(max-width: 300px) 100vw, 300px\" \/>\t\t\t\t\t\t\t\t<\/a>\n\t\t\t\t\t\t\t\t\t\t\t\t\t\t\t<\/div>\n\t\t\t\t<\/div>\n\t\t\t\t<div class=\"elementor-element elementor-element-4749a77 elementor-widget elementor-widget-image\" data-id=\"4749a77\" data-element_type=\"widget\" data-widget_type=\"image.default\">\n\t\t\t\t<div class=\"elementor-widget-container\">\n\t\t\t\t\t\t\t\t\t\t\t\t\t\t\t\t<a href=\"https:\/\/www.alza.cz\/rixon\/v45578.htm\" target=\"_blank\" rel=\"noopener\">\n\t\t\t\t\t\t\t<img decoding=\"async\" width=\"420\" height=\"420\" src=\"https:\/\/www.rixon.eu\/wp-content\/uploads\/2024\/09\/alza-cz-white-svg.webp\" class=\"attachment-full size-full wp-image-5471\" alt=\"\" srcset=\"https:\/\/www.rixon.eu\/wp-content\/uploads\/2024\/09\/alza-cz-white-svg.webp 420w, https:\/\/www.rixon.eu\/wp-content\/uploads\/2024\/09\/alza-cz-white-svg-300x300.webp 300w, https:\/\/www.rixon.eu\/wp-content\/uploads\/2024\/09\/alza-cz-white-svg-100x100.webp 100w, https:\/\/www.rixon.eu\/wp-content\/uploads\/2024\/09\/alza-cz-white-svg-150x150.webp 150w, https:\/\/www.rixon.eu\/wp-content\/uploads\/2024\/09\/alza-cz-white-svg-60x60.webp 60w\" sizes=\"(max-width: 420px) 100vw, 420px\" \/>\t\t\t\t\t\t\t\t<\/a>\n\t\t\t\t\t\t\t\t\t\t\t\t\t\t\t<\/div>\n\t\t\t\t<\/div>\n\t\t\t\t<div class=\"elementor-element elementor-element-066e901 elementor-widget elementor-widget-image\" data-id=\"066e901\" data-element_type=\"widget\" id=\"mobil_pohotovost\" data-widget_type=\"image.default\">\n\t\t\t\t<div class=\"elementor-widget-container\">\n\t\t\t\t\t\t\t\t\t\t\t\t\t\t\t\t<a href=\"https:\/\/www.mp.cz\/vyhledavani?search=Rixon\" target=\"_blank\" rel=\"noopener\">\n\t\t\t\t\t\t\t<img decoding=\"async\" width=\"300\" height=\"300\" src=\"https:\/\/www.rixon.eu\/wp-content\/uploads\/2024\/08\/mobil-square.webp\" class=\"attachment-full size-full wp-image-1206\" alt=\"\" srcset=\"https:\/\/www.rixon.eu\/wp-content\/uploads\/2024\/08\/mobil-square.webp 300w, https:\/\/www.rixon.eu\/wp-content\/uploads\/2024\/08\/mobil-square-100x100.webp 100w, https:\/\/www.rixon.eu\/wp-content\/uploads\/2024\/08\/mobil-square-150x150.webp 150w\" sizes=\"(max-width: 300px) 100vw, 300px\" \/>\t\t\t\t\t\t\t\t<\/a>\n\t\t\t\t\t\t\t\t\t\t\t\t\t\t\t<\/div>\n\t\t\t\t<\/div>\n\t\t\t\t<div class=\"elementor-element elementor-element-f24bb72 elementor-widget elementor-widget-image\" data-id=\"f24bb72\" data-element_type=\"widget\" id=\"quikset\" data-widget_type=\"image.default\">\n\t\t\t\t<div class=\"elementor-widget-container\">\n\t\t\t\t\t\t\t\t\t\t\t\t\t\t\t\t<a href=\"https:\/\/www.quikset.cz\/znacky?v=rixon\" target=\"_blank\" rel=\"noopener\">\n\t\t\t\t\t\t\t<img loading=\"lazy\" decoding=\"async\" width=\"300\" height=\"300\" src=\"https:\/\/www.rixon.eu\/wp-content\/uploads\/2024\/08\/quickset-square.webp\" class=\"attachment-full size-full wp-image-1205\" alt=\"\" srcset=\"https:\/\/www.rixon.eu\/wp-content\/uploads\/2024\/08\/quickset-square.webp 300w, https:\/\/www.rixon.eu\/wp-content\/uploads\/2024\/08\/quickset-square-100x100.webp 100w, https:\/\/www.rixon.eu\/wp-content\/uploads\/2024\/08\/quickset-square-150x150.webp 150w\" sizes=\"(max-width: 300px) 100vw, 300px\" \/>\t\t\t\t\t\t\t\t<\/a>\n\t\t\t\t\t\t\t\t\t\t\t\t\t\t\t<\/div>\n\t\t\t\t<\/div>\n\t\t\t\t<div class=\"elementor-element elementor-element-9b2a7ed elementor-widget elementor-widget-image\" data-id=\"9b2a7ed\" data-element_type=\"widget\" id=\"jrc\" data-widget_type=\"image.default\">\n\t\t\t\t<div class=\"elementor-widget-container\">\n\t\t\t\t\t\t\t\t\t\t\t\t\t\t\t\t<a href=\"https:\/\/www.jrc.cz\/Vyhledavani?query=rixon\" target=\"_blank\" rel=\"noopener\">\n\t\t\t\t\t\t\t<img loading=\"lazy\" decoding=\"async\" width=\"702\" height=\"702\" src=\"https:\/\/www.rixon.eu\/wp-content\/uploads\/2024\/08\/jrc-square.webp\" class=\"attachment-full size-full wp-image-1207\" alt=\"\" srcset=\"https:\/\/www.rixon.eu\/wp-content\/uploads\/2024\/08\/jrc-square.webp 702w, https:\/\/www.rixon.eu\/wp-content\/uploads\/2024\/08\/jrc-square-300x300.webp 300w, https:\/\/www.rixon.eu\/wp-content\/uploads\/2024\/08\/jrc-square-100x100.webp 100w, https:\/\/www.rixon.eu\/wp-content\/uploads\/2024\/08\/jrc-square-600x600.webp 600w, https:\/\/www.rixon.eu\/wp-content\/uploads\/2024\/08\/jrc-square-150x150.webp 150w\" sizes=\"(max-width: 702px) 100vw, 702px\" \/>\t\t\t\t\t\t\t\t<\/a>\n\t\t\t\t\t\t\t\t\t\t\t\t\t\t\t<\/div>\n\t\t\t\t<\/div>\n\t\t\t\t<div class=\"elementor-element elementor-element-535a3f9 elementor-widget elementor-widget-image\" data-id=\"535a3f9\" data-element_type=\"widget\" id=\"kaufland\" data-widget_type=\"image.default\">\n\t\t\t\t<div class=\"elementor-widget-container\">\n\t\t\t\t\t\t\t\t\t\t\t\t\t\t\t\t<a href=\"https:\/\/www.kaufland.cz\/manufacturer\/7132410\/\" target=\"_blank\" rel=\"noopener\">\n\t\t\t\t\t\t\t<img loading=\"lazy\" decoding=\"async\" width=\"98\" height=\"98\" src=\"https:\/\/www.rixon.eu\/wp-content\/uploads\/2024\/08\/kaufland.png\" class=\"attachment-full size-full wp-image-3587\" alt=\"\" \/>\t\t\t\t\t\t\t\t<\/a>\n\t\t\t\t\t\t\t\t\t\t\t\t\t\t\t<\/div>\n\t\t\t\t<\/div>\n\t\t\t\t<div class=\"elementor-element elementor-element-4b40c50 elementor-widget elementor-widget-image\" data-id=\"4b40c50\" data-element_type=\"widget\" id=\"allegro\" data-widget_type=\"image.default\">\n\t\t\t\t<div class=\"elementor-widget-container\">\n\t\t\t\t\t\t\t\t\t\t\t\t\t\t\t\t<a href=\"https:\/\/allegro.cz\/kategorie\/audio-video-a-domaci-spotrebice-10?string=rixon\" target=\"_blank\" rel=\"noopener\">\n\t\t\t\t\t\t\t<img loading=\"lazy\" decoding=\"async\" width=\"300\" height=\"295\" src=\"https:\/\/www.rixon.eu\/wp-content\/uploads\/2024\/08\/allegro-logo-square-1.webp\" class=\"attachment-full size-full wp-image-3602\" alt=\"\" \/>\t\t\t\t\t\t\t\t<\/a>\n\t\t\t\t\t\t\t\t\t\t\t\t\t\t\t<\/div>\n\t\t\t\t<\/div>\n\t\t\t\t<div class=\"elementor-element elementor-element-69fe70e elementor-widget elementor-widget-image\" data-id=\"69fe70e\" data-element_type=\"widget\" id=\"heureka\" data-widget_type=\"image.default\">\n\t\t\t\t<div class=\"elementor-widget-container\">\n\t\t\t\t\t\t\t\t\t\t\t\t\t\t\t\t<a href=\"https:\/\/www.heureka.cz\/znacky\/rixon\/\" target=\"_blank\" rel=\"noopener\">\n\t\t\t\t\t\t\t<img loading=\"lazy\" decoding=\"async\" width=\"300\" height=\"300\" src=\"https:\/\/www.rixon.eu\/wp-content\/uploads\/2024\/08\/heureka-logo-square.webp\" class=\"attachment-full size-full wp-image-3606\" alt=\"\" srcset=\"https:\/\/www.rixon.eu\/wp-content\/uploads\/2024\/08\/heureka-logo-square.webp 300w, https:\/\/www.rixon.eu\/wp-content\/uploads\/2024\/08\/heureka-logo-square-100x100.webp 100w, https:\/\/www.rixon.eu\/wp-content\/uploads\/2024\/08\/heureka-logo-square-150x150.webp 150w\" sizes=\"(max-width: 300px) 100vw, 300px\" \/>\t\t\t\t\t\t\t\t<\/a>\n\t\t\t\t\t\t\t\t\t\t\t\t\t\t\t<\/div>\n\t\t\t\t<\/div>\n\t\t\t\t<div class=\"elementor-element elementor-element-64df00f elementor-widget elementor-widget-image\" data-id=\"64df00f\" data-element_type=\"widget\" id=\"bscom\" data-widget_type=\"image.default\">\n\t\t\t\t<div class=\"elementor-widget-container\">\n\t\t\t\t\t\t\t\t\t\t\t\t\t\t\t\t<a href=\"https:\/\/www.bscom.cz\/hledat\/?hledej=Rixon\" target=\"_blank\" rel=\"noopener\">\n\t\t\t\t\t\t\t<img loading=\"lazy\" decoding=\"async\" width=\"664\" height=\"664\" src=\"https:\/\/www.rixon.eu\/wp-content\/uploads\/2024\/08\/bscom-logo.webp\" class=\"attachment-full size-full wp-image-3995\" alt=\"\" srcset=\"https:\/\/www.rixon.eu\/wp-content\/uploads\/2024\/08\/bscom-logo.webp 664w, https:\/\/www.rixon.eu\/wp-content\/uploads\/2024\/08\/bscom-logo-300x300.webp 300w, https:\/\/www.rixon.eu\/wp-content\/uploads\/2024\/08\/bscom-logo-100x100.webp 100w, https:\/\/www.rixon.eu\/wp-content\/uploads\/2024\/08\/bscom-logo-600x600.webp 600w, https:\/\/www.rixon.eu\/wp-content\/uploads\/2024\/08\/bscom-logo-150x150.webp 150w, https:\/\/www.rixon.eu\/wp-content\/uploads\/2024\/08\/bscom-logo-60x60.webp 60w\" sizes=\"(max-width: 664px) 100vw, 664px\" \/>\t\t\t\t\t\t\t\t<\/a>\n\t\t\t\t\t\t\t\t\t\t\t\t\t\t\t<\/div>\n\t\t\t\t<\/div>\n\t\t\t\t<div class=\"elementor-element elementor-element-88a1faf elementor-widget elementor-widget-image\" data-id=\"88a1faf\" data-element_type=\"widget\" data-widget_type=\"image.default\">\n\t\t\t\t<div class=\"elementor-widget-container\">\n\t\t\t\t\t\t\t\t\t\t\t\t\t\t\t\t<a href=\"https:\/\/www.onlineshop.cz\/rixon\/\" target=\"_blank\" rel=\"noopener\">\n\t\t\t\t\t\t\t<img loading=\"lazy\" decoding=\"async\" width=\"660\" height=\"660\" src=\"https:\/\/www.rixon.eu\/wp-content\/uploads\/2025\/02\/onlineshop-cz.webp\" class=\"attachment-full size-full wp-image-5237\" alt=\"\" srcset=\"https:\/\/www.rixon.eu\/wp-content\/uploads\/2025\/02\/onlineshop-cz.webp 660w, https:\/\/www.rixon.eu\/wp-content\/uploads\/2025\/02\/onlineshop-cz-300x300.webp 300w, https:\/\/www.rixon.eu\/wp-content\/uploads\/2025\/02\/onlineshop-cz-100x100.webp 100w, https:\/\/www.rixon.eu\/wp-content\/uploads\/2025\/02\/onlineshop-cz-600x600.webp 600w, https:\/\/www.rixon.eu\/wp-content\/uploads\/2025\/02\/onlineshop-cz-150x150.webp 150w\" sizes=\"(max-width: 660px) 100vw, 660px\" \/>\t\t\t\t\t\t\t\t<\/a>\n\t\t\t\t\t\t\t\t\t\t\t\t\t\t\t<\/div>\n\t\t\t\t<\/div>\n\t\t\t\t<div class=\"elementor-element elementor-element-38844f3 elementor-widget elementor-widget-image\" data-id=\"38844f3\" data-element_type=\"widget\" data-widget_type=\"image.default\">\n\t\t\t\t<div class=\"elementor-widget-container\">\n\t\t\t\t\t\t\t\t\t\t\t\t\t\t\t\t<a href=\"https:\/\/www.istage.cz\/znacka\/rixon\/\" target=\"_blank\" rel=\"noopener\">\n\t\t\t\t\t\t\t<img loading=\"lazy\" decoding=\"async\" width=\"660\" height=\"660\" src=\"https:\/\/www.rixon.eu\/wp-content\/uploads\/2025\/02\/istage.webp\" class=\"attachment-full size-full wp-image-5240\" alt=\"\" srcset=\"https:\/\/www.rixon.eu\/wp-content\/uploads\/2025\/02\/istage.webp 660w, https:\/\/www.rixon.eu\/wp-content\/uploads\/2025\/02\/istage-300x300.webp 300w, https:\/\/www.rixon.eu\/wp-content\/uploads\/2025\/02\/istage-100x100.webp 100w, https:\/\/www.rixon.eu\/wp-content\/uploads\/2025\/02\/istage-600x600.webp 600w, https:\/\/www.rixon.eu\/wp-content\/uploads\/2025\/02\/istage-150x150.webp 150w\" sizes=\"(max-width: 660px) 100vw, 660px\" \/>\t\t\t\t\t\t\t\t<\/a>\n\t\t\t\t\t\t\t\t\t\t\t\t\t\t\t<\/div>\n\t\t\t\t<\/div>\n\t\t\t\t<\/div>\n\t\t\t\t\t<\/div>\n\t\t\t\t<\/div>\n\t\t\t\t<\/div>\n\t\t","protected":false},"excerpt":{"rendered":"<p>Kde k\u00fapi\u0165 V\u00fdrobky Rixon s\u00fa v s\u00fa\u010dasnosti dostupn\u00e9 v t\u00fdchto predajniach:<\/p>\n","protected":false},"author":1,"featured_media":5461,"parent":0,"menu_order":0,"comment_status":"closed","ping_status":"closed","template":"","meta":{"_acf_changed":false,"footnotes":""},"class_list":["post-5458","page","type-page","status-publish","has-post-thumbnail","hentry"],"acf":[],"_links":{"self":[{"href":"https:\/\/www.rixon.eu\/sk\/wp-json\/wp\/v2\/pages\/5458","targetHints":{"allow":["GET"]}}],"collection":[{"href":"https:\/\/www.rixon.eu\/sk\/wp-json\/wp\/v2\/pages"}],"about":[{"href":"https:\/\/www.rixon.eu\/sk\/wp-json\/wp\/v2\/types\/page"}],"author":[{"embeddable":true,"href":"https:\/\/www.rixon.eu\/sk\/wp-json\/wp\/v2\/users\/1"}],"replies":[{"embeddable":true,"href":"https:\/\/www.rixon.eu\/sk\/wp-json\/wp\/v2\/comments?post=5458"}],"version-history":[{"count":0,"href":"https:\/\/www.rixon.eu\/sk\/wp-json\/wp\/v2\/pages\/5458\/revisions"}],"wp:featuredmedia":[{"embeddable":true,"href":"https:\/\/www.rixon.eu\/sk\/wp-json\/wp\/v2\/media\/5461"}],"wp:attachment":[{"href":"https:\/\/www.rixon.eu\/sk\/wp-json\/wp\/v2\/media?parent=5458"}],"curies":[{"name":"wp","href":"https:\/\/api.w.org\/{rel}","templated":true}]}}