{"id":5465,"date":"2024-08-05T23:44:39","date_gmt":"2024-08-05T21:44:39","guid":{"rendered":"https:\/\/www.rixon.eu\/pre-partnerov-b2b\/"},"modified":"2025-03-12T09:31:49","modified_gmt":"2025-03-12T08:31:49","slug":"pre-partnerov-b2b","status":"publish","type":"page","link":"https:\/\/www.rixon.eu\/sk\/pre-partnerov-b2b\/","title":{"rendered":"Pre partnerov B2B"},"content":{"rendered":"\t\t<div data-elementor-type=\"wp-page\" data-elementor-id=\"5465\" class=\"elementor elementor-5465 elementor-524\" data-elementor-post-type=\"page\">\n\t\t\t\t<div class=\"elementor-element elementor-element-63097e1 e-flex e-con-boxed e-con e-parent\" data-id=\"63097e1\" data-element_type=\"container\" data-settings=\"{&quot;background_background&quot;:&quot;classic&quot;,&quot;background_motion_fx_motion_fx_scrolling&quot;:&quot;yes&quot;,&quot;background_motion_fx_translateY_effect&quot;:&quot;yes&quot;,&quot;background_motion_fx_translateY_direction&quot;:&quot;negative&quot;,&quot;background_motion_fx_translateY_speed&quot;:{&quot;unit&quot;:&quot;px&quot;,&quot;size&quot;:4,&quot;sizes&quot;:[]},&quot;background_motion_fx_translateY_affectedRange&quot;:{&quot;unit&quot;:&quot;%&quot;,&quot;size&quot;:&quot;&quot;,&quot;sizes&quot;:{&quot;start&quot;:0,&quot;end&quot;:100}},&quot;background_motion_fx_devices&quot;:[&quot;desktop&quot;,&quot;laptop&quot;,&quot;tablet&quot;,&quot;mobile&quot;]}\">\n\t\t\t\t\t<div class=\"e-con-inner\">\n\t\t\t\t<div class=\"elementor-element elementor-element-795b3a1 elementor-invisible elementor-widget elementor-widget-heading\" data-id=\"795b3a1\" data-element_type=\"widget\" data-settings=\"{&quot;_animation&quot;:&quot;fadeInDown&quot;,&quot;_animation_delay&quot;:200}\" data-widget_type=\"heading.default\">\n\t\t\t\t<div class=\"elementor-widget-container\">\n\t\t\t\t\t<h1 class=\"elementor-heading-title elementor-size-default\">Pre partnerov B2B<\/h1>\t\t\t\t<\/div>\n\t\t\t\t<\/div>\n\t\t\t\t<div class=\"elementor-element elementor-element-89cbe8b animated-slow elementor-invisible elementor-widget elementor-widget-text-editor\" data-id=\"89cbe8b\" data-element_type=\"widget\" data-settings=\"{&quot;_animation&quot;:&quot;fadeIn&quot;,&quot;_animation_delay&quot;:400}\" data-widget_type=\"text-editor.default\">\n\t\t\t\t<div class=\"elementor-widget-container\">\n\t\t\t\t\t\t\t\t\t<p>St\u00e1le roz\u0161irujeme na\u0161u sie\u0165 predajcov a h\u013ead\u00e1me nov\u00e9 pr\u00edle\u017eitosti.<br>Ak m\u00e1te z\u00e1ujem sta\u0165 sa na\u0161\u00edm obchodn\u00fdm partnerom, kontaktujte n\u00e1s na adrese:<\/p>\t\t\t\t\t\t\t\t<\/div>\n\t\t\t\t<\/div>\n\t\t\t\t<div class=\"elementor-element elementor-element-11fcfbc elementor-widget elementor-widget-icon-box\" data-id=\"11fcfbc\" data-element_type=\"widget\" data-settings=\"{&quot;_animation_mobile&quot;:&quot;none&quot;}\" data-widget_type=\"icon-box.default\">\n\t\t\t\t<div class=\"elementor-widget-container\">\n\t\t\t\t\t\t\t<div class=\"elementor-icon-box-wrapper\">\n\n\t\t\t\n\t\t\t\t\t\t<div class=\"elementor-icon-box-content\">\n\n\t\t\t\t\t\t\t\t\t<span class=\"elementor-icon-box-title\">\n\t\t\t\t\t\t<a href=\"mailto:b2b@rixon.eu\" >\n\t\t\t\t\t\t\tb2b@rixon.eu\t\t\t\t\t\t<\/a>\n\t\t\t\t\t<\/span>\n\t\t\t\t\n\t\t\t\t\t\t\t\t\t<p class=\"elementor-icon-box-description\">\n\t\t\t\t\t\tVe\u013ekoobchod\t\t\t\t\t<\/p>\n\t\t\t\t\n\t\t\t<\/div>\n\t\t\t\n\t\t<\/div>\n\t\t\t\t\t\t<\/div>\n\t\t\t\t<\/div>\n\t\t\t\t<div class=\"elementor-element elementor-element-4116f78 elementor-invisible elementor-widget elementor-widget-heading\" data-id=\"4116f78\" data-element_type=\"widget\" data-settings=\"{&quot;_animation&quot;:&quot;fadeInDown&quot;,&quot;_animation_delay&quot;:200}\" data-widget_type=\"heading.default\">\n\t\t\t\t<div class=\"elementor-widget-container\">\n\t\t\t\t\t<h2 class=\"elementor-heading-title elementor-size-default\">V\u00fdrobky Rixon s\u00fa v s\u00fa\u010dasnosti dostupn\u00e9 v t\u00fdchto predajniach:<\/h2>\t\t\t\t<\/div>\n\t\t\t\t<\/div>\n\t\t<div class=\"elementor-element elementor-element-d4d0b45 e-con-full e-flex e-con e-child\" data-id=\"d4d0b45\" data-element_type=\"container\" id=\"partneri\">\n\t\t\t\t<div class=\"elementor-element elementor-element-408abeb elementor-widget elementor-widget-image\" data-id=\"408abeb\" data-element_type=\"widget\" id=\"smarty\" data-widget_type=\"image.default\">\n\t\t\t\t<div class=\"elementor-widget-container\">\n\t\t\t\t\t\t\t\t\t\t\t\t\t\t\t\t<a href=\"https:\/\/www.smarty.cz\/Vyhledavani?query=rixon\" target=\"_blank\" rel=\"noopener\">\n\t\t\t\t\t\t\t<img fetchpriority=\"high\" decoding=\"async\" width=\"300\" height=\"300\" src=\"https:\/\/www.rixon.eu\/wp-content\/uploads\/2024\/08\/smarty.webp\" class=\"attachment-full size-full wp-image-1204\" alt=\"\" srcset=\"https:\/\/www.rixon.eu\/wp-content\/uploads\/2024\/08\/smarty.webp 300w, https:\/\/www.rixon.eu\/wp-content\/uploads\/2024\/08\/smarty-100x100.webp 100w, https:\/\/www.rixon.eu\/wp-content\/uploads\/2024\/08\/smarty-150x150.webp 150w\" sizes=\"(max-width: 300px) 100vw, 300px\" \/>\t\t\t\t\t\t\t\t<\/a>\n\t\t\t\t\t\t\t\t\t\t\t\t\t\t\t<\/div>\n\t\t\t\t<\/div>\n\t\t\t\t<div class=\"elementor-element elementor-element-4ff2874 elementor-widget elementor-widget-image\" data-id=\"4ff2874\" data-element_type=\"widget\" data-widget_type=\"image.default\">\n\t\t\t\t<div class=\"elementor-widget-container\">\n\t\t\t\t\t\t\t\t\t\t\t\t\t\t\t\t<a href=\"https:\/\/www.alza.cz\/rixon\/v45578.htm\" target=\"_blank\" rel=\"noopener\">\n\t\t\t\t\t\t\t<img decoding=\"async\" width=\"420\" height=\"420\" src=\"https:\/\/www.rixon.eu\/wp-content\/uploads\/2024\/09\/alza-cz-white-svg.webp\" class=\"attachment-full size-full wp-image-5471\" alt=\"\" srcset=\"https:\/\/www.rixon.eu\/wp-content\/uploads\/2024\/09\/alza-cz-white-svg.webp 420w, https:\/\/www.rixon.eu\/wp-content\/uploads\/2024\/09\/alza-cz-white-svg-300x300.webp 300w, https:\/\/www.rixon.eu\/wp-content\/uploads\/2024\/09\/alza-cz-white-svg-100x100.webp 100w, https:\/\/www.rixon.eu\/wp-content\/uploads\/2024\/09\/alza-cz-white-svg-150x150.webp 150w, https:\/\/www.rixon.eu\/wp-content\/uploads\/2024\/09\/alza-cz-white-svg-60x60.webp 60w\" sizes=\"(max-width: 420px) 100vw, 420px\" \/>\t\t\t\t\t\t\t\t<\/a>\n\t\t\t\t\t\t\t\t\t\t\t\t\t\t\t<\/div>\n\t\t\t\t<\/div>\n\t\t\t\t<div class=\"elementor-element elementor-element-7eac406 elementor-widget elementor-widget-image\" data-id=\"7eac406\" data-element_type=\"widget\" id=\"mobil_pohotovost\" data-widget_type=\"image.default\">\n\t\t\t\t<div class=\"elementor-widget-container\">\n\t\t\t\t\t\t\t\t\t\t\t\t\t\t\t\t<a href=\"https:\/\/www.mp.cz\/vyhledavani?search=Rixon\" target=\"_blank\" rel=\"noopener\">\n\t\t\t\t\t\t\t<img decoding=\"async\" width=\"300\" height=\"300\" src=\"https:\/\/www.rixon.eu\/wp-content\/uploads\/2024\/08\/mobil-square.webp\" class=\"attachment-full size-full wp-image-1206\" alt=\"\" srcset=\"https:\/\/www.rixon.eu\/wp-content\/uploads\/2024\/08\/mobil-square.webp 300w, https:\/\/www.rixon.eu\/wp-content\/uploads\/2024\/08\/mobil-square-100x100.webp 100w, https:\/\/www.rixon.eu\/wp-content\/uploads\/2024\/08\/mobil-square-150x150.webp 150w\" sizes=\"(max-width: 300px) 100vw, 300px\" \/>\t\t\t\t\t\t\t\t<\/a>\n\t\t\t\t\t\t\t\t\t\t\t\t\t\t\t<\/div>\n\t\t\t\t<\/div>\n\t\t\t\t<div class=\"elementor-element elementor-element-09ad033 elementor-widget elementor-widget-image\" data-id=\"09ad033\" data-element_type=\"widget\" id=\"quikset\" data-widget_type=\"image.default\">\n\t\t\t\t<div class=\"elementor-widget-container\">\n\t\t\t\t\t\t\t\t\t\t\t\t\t\t\t\t<a href=\"https:\/\/www.quikset.cz\/znacky?v=rixon\" target=\"_blank\" rel=\"noopener\">\n\t\t\t\t\t\t\t<img loading=\"lazy\" decoding=\"async\" width=\"300\" height=\"300\" src=\"https:\/\/www.rixon.eu\/wp-content\/uploads\/2024\/08\/quickset-square.webp\" class=\"attachment-full size-full wp-image-1205\" alt=\"\" srcset=\"https:\/\/www.rixon.eu\/wp-content\/uploads\/2024\/08\/quickset-square.webp 300w, https:\/\/www.rixon.eu\/wp-content\/uploads\/2024\/08\/quickset-square-100x100.webp 100w, https:\/\/www.rixon.eu\/wp-content\/uploads\/2024\/08\/quickset-square-150x150.webp 150w\" sizes=\"(max-width: 300px) 100vw, 300px\" \/>\t\t\t\t\t\t\t\t<\/a>\n\t\t\t\t\t\t\t\t\t\t\t\t\t\t\t<\/div>\n\t\t\t\t<\/div>\n\t\t\t\t<div class=\"elementor-element elementor-element-213918a elementor-widget elementor-widget-image\" data-id=\"213918a\" data-element_type=\"widget\" id=\"jrc\" data-widget_type=\"image.default\">\n\t\t\t\t<div class=\"elementor-widget-container\">\n\t\t\t\t\t\t\t\t\t\t\t\t\t\t\t\t<a href=\"https:\/\/www.jrc.cz\/Vyhledavani?query=rixon\" target=\"_blank\" rel=\"noopener\">\n\t\t\t\t\t\t\t<img loading=\"lazy\" decoding=\"async\" width=\"702\" height=\"702\" src=\"https:\/\/www.rixon.eu\/wp-content\/uploads\/2024\/08\/jrc-square.webp\" class=\"attachment-full size-full wp-image-1207\" alt=\"\" srcset=\"https:\/\/www.rixon.eu\/wp-content\/uploads\/2024\/08\/jrc-square.webp 702w, https:\/\/www.rixon.eu\/wp-content\/uploads\/2024\/08\/jrc-square-300x300.webp 300w, https:\/\/www.rixon.eu\/wp-content\/uploads\/2024\/08\/jrc-square-100x100.webp 100w, https:\/\/www.rixon.eu\/wp-content\/uploads\/2024\/08\/jrc-square-600x600.webp 600w, https:\/\/www.rixon.eu\/wp-content\/uploads\/2024\/08\/jrc-square-150x150.webp 150w\" sizes=\"(max-width: 702px) 100vw, 702px\" \/>\t\t\t\t\t\t\t\t<\/a>\n\t\t\t\t\t\t\t\t\t\t\t\t\t\t\t<\/div>\n\t\t\t\t<\/div>\n\t\t\t\t<div class=\"elementor-element elementor-element-c0452b3 elementor-widget elementor-widget-image\" data-id=\"c0452b3\" data-element_type=\"widget\" data-widget_type=\"image.default\">\n\t\t\t\t<div class=\"elementor-widget-container\">\n\t\t\t\t\t\t\t\t\t\t\t\t\t\t\t\t<a href=\"https:\/\/www.patro.cz\/rixon\/\" target=\"_blank\" rel=\"noopener\">\n\t\t\t\t\t\t\t<img loading=\"lazy\" decoding=\"async\" width=\"300\" height=\"300\" src=\"https:\/\/www.rixon.eu\/wp-content\/uploads\/2024\/09\/logo-patro.webp\" class=\"attachment-full size-full wp-image-5472\" alt=\"\" srcset=\"https:\/\/www.rixon.eu\/wp-content\/uploads\/2024\/09\/logo-patro.webp 300w, https:\/\/www.rixon.eu\/wp-content\/uploads\/2024\/09\/logo-patro-100x100.webp 100w, https:\/\/www.rixon.eu\/wp-content\/uploads\/2024\/09\/logo-patro-150x150.webp 150w, https:\/\/www.rixon.eu\/wp-content\/uploads\/2024\/09\/logo-patro-60x60.webp 60w\" sizes=\"(max-width: 300px) 100vw, 300px\" \/>\t\t\t\t\t\t\t\t<\/a>\n\t\t\t\t\t\t\t\t\t\t\t\t\t\t\t<\/div>\n\t\t\t\t<\/div>\n\t\t\t\t<div class=\"elementor-element elementor-element-edf66d6 elementor-widget elementor-widget-image\" data-id=\"edf66d6\" data-element_type=\"widget\" id=\"kaufland\" data-widget_type=\"image.default\">\n\t\t\t\t<div class=\"elementor-widget-container\">\n\t\t\t\t\t\t\t\t\t\t\t\t\t\t\t\t<a href=\"https:\/\/www.kaufland.cz\/manufacturer\/7132410\/\" target=\"_blank\" rel=\"noopener\">\n\t\t\t\t\t\t\t<img loading=\"lazy\" decoding=\"async\" width=\"98\" height=\"98\" src=\"https:\/\/www.rixon.eu\/wp-content\/uploads\/2024\/08\/kaufland.png\" class=\"attachment-full size-full wp-image-3587\" alt=\"\" \/>\t\t\t\t\t\t\t\t<\/a>\n\t\t\t\t\t\t\t\t\t\t\t\t\t\t\t<\/div>\n\t\t\t\t<\/div>\n\t\t\t\t<div class=\"elementor-element elementor-element-5993812 elementor-widget elementor-widget-image\" data-id=\"5993812\" data-element_type=\"widget\" id=\"allegro\" data-widget_type=\"image.default\">\n\t\t\t\t<div class=\"elementor-widget-container\">\n\t\t\t\t\t\t\t\t\t\t\t\t\t\t\t\t<a href=\"https:\/\/allegro.cz\/kategorie\/audio-video-a-domaci-spotrebice-10?string=rixon\" target=\"_blank\" rel=\"noopener\">\n\t\t\t\t\t\t\t<img loading=\"lazy\" decoding=\"async\" width=\"300\" height=\"295\" src=\"https:\/\/www.rixon.eu\/wp-content\/uploads\/2024\/08\/allegro-logo-square-1.webp\" class=\"attachment-full size-full wp-image-3602\" alt=\"\" \/>\t\t\t\t\t\t\t\t<\/a>\n\t\t\t\t\t\t\t\t\t\t\t\t\t\t\t<\/div>\n\t\t\t\t<\/div>\n\t\t\t\t<div class=\"elementor-element elementor-element-a661542 elementor-widget elementor-widget-image\" data-id=\"a661542\" data-element_type=\"widget\" id=\"heureka\" data-widget_type=\"image.default\">\n\t\t\t\t<div class=\"elementor-widget-container\">\n\t\t\t\t\t\t\t\t\t\t\t\t\t\t\t\t<a href=\"https:\/\/www.heureka.cz\/znacky\/rixon\/\" target=\"_blank\" rel=\"noopener\">\n\t\t\t\t\t\t\t<img loading=\"lazy\" decoding=\"async\" width=\"300\" height=\"300\" src=\"https:\/\/www.rixon.eu\/wp-content\/uploads\/2024\/08\/heureka-logo-square.webp\" class=\"attachment-full size-full wp-image-3606\" alt=\"\" srcset=\"https:\/\/www.rixon.eu\/wp-content\/uploads\/2024\/08\/heureka-logo-square.webp 300w, https:\/\/www.rixon.eu\/wp-content\/uploads\/2024\/08\/heureka-logo-square-100x100.webp 100w, https:\/\/www.rixon.eu\/wp-content\/uploads\/2024\/08\/heureka-logo-square-150x150.webp 150w\" sizes=\"(max-width: 300px) 100vw, 300px\" \/>\t\t\t\t\t\t\t\t<\/a>\n\t\t\t\t\t\t\t\t\t\t\t\t\t\t\t<\/div>\n\t\t\t\t<\/div>\n\t\t\t\t<div class=\"elementor-element elementor-element-10dd1c1 elementor-widget elementor-widget-image\" data-id=\"10dd1c1\" data-element_type=\"widget\" id=\"bscom\" data-widget_type=\"image.default\">\n\t\t\t\t<div class=\"elementor-widget-container\">\n\t\t\t\t\t\t\t\t\t\t\t\t\t\t\t\t<a href=\"https:\/\/www.bscom.cz\/hledat\/?hledej=Rixon\" target=\"_blank\" rel=\"noopener\">\n\t\t\t\t\t\t\t<img loading=\"lazy\" decoding=\"async\" width=\"664\" height=\"664\" src=\"https:\/\/www.rixon.eu\/wp-content\/uploads\/2024\/08\/bscom-logo.webp\" class=\"attachment-full size-full wp-image-3995\" alt=\"\" srcset=\"https:\/\/www.rixon.eu\/wp-content\/uploads\/2024\/08\/bscom-logo.webp 664w, https:\/\/www.rixon.eu\/wp-content\/uploads\/2024\/08\/bscom-logo-300x300.webp 300w, https:\/\/www.rixon.eu\/wp-content\/uploads\/2024\/08\/bscom-logo-100x100.webp 100w, https:\/\/www.rixon.eu\/wp-content\/uploads\/2024\/08\/bscom-logo-600x600.webp 600w, https:\/\/www.rixon.eu\/wp-content\/uploads\/2024\/08\/bscom-logo-150x150.webp 150w, https:\/\/www.rixon.eu\/wp-content\/uploads\/2024\/08\/bscom-logo-60x60.webp 60w\" sizes=\"(max-width: 664px) 100vw, 664px\" \/>\t\t\t\t\t\t\t\t<\/a>\n\t\t\t\t\t\t\t\t\t\t\t\t\t\t\t<\/div>\n\t\t\t\t<\/div>\n\t\t\t\t<\/div>\n\t\t\t\t\t<\/div>\n\t\t\t\t<\/div>\n\t\t\t\t<\/div>\n\t\t","protected":false},"excerpt":{"rendered":"<p>Pre partnerov B2B St\u00e1le roz\u0161irujeme na\u0161u sie\u0165 predajcov a h\u013ead\u00e1me nov\u00e9 pr\u00edle\u017eitosti.Ak m\u00e1te z\u00e1ujem sta\u0165 sa na\u0161\u00edm obchodn\u00fdm partnerom, kontaktujte n\u00e1s na adrese: b2b@rixon.eu Ve\u013ekoobchod V\u00fdrobky Rixon s\u00fa v s\u00fa\u010dasnosti dostupn\u00e9 v t\u00fdchto predajniach:<\/p>\n","protected":false},"author":1,"featured_media":5473,"parent":0,"menu_order":0,"comment_status":"closed","ping_status":"closed","template":"","meta":{"_acf_changed":false,"footnotes":""},"class_list":["post-5465","page","type-page","status-publish","has-post-thumbnail","hentry"],"acf":[],"_links":{"self":[{"href":"https:\/\/www.rixon.eu\/sk\/wp-json\/wp\/v2\/pages\/5465","targetHints":{"allow":["GET"]}}],"collection":[{"href":"https:\/\/www.rixon.eu\/sk\/wp-json\/wp\/v2\/pages"}],"about":[{"href":"https:\/\/www.rixon.eu\/sk\/wp-json\/wp\/v2\/types\/page"}],"author":[{"embeddable":true,"href":"https:\/\/www.rixon.eu\/sk\/wp-json\/wp\/v2\/users\/1"}],"replies":[{"embeddable":true,"href":"https:\/\/www.rixon.eu\/sk\/wp-json\/wp\/v2\/comments?post=5465"}],"version-history":[{"count":0,"href":"https:\/\/www.rixon.eu\/sk\/wp-json\/wp\/v2\/pages\/5465\/revisions"}],"wp:featuredmedia":[{"embeddable":true,"href":"https:\/\/www.rixon.eu\/sk\/wp-json\/wp\/v2\/media\/5473"}],"wp:attachment":[{"href":"https:\/\/www.rixon.eu\/sk\/wp-json\/wp\/v2\/media?parent=5465"}],"curies":[{"name":"wp","href":"https:\/\/api.w.org\/{rel}","templated":true}]}}