{"id":5498,"date":"2024-09-03T14:56:44","date_gmt":"2024-09-03T12:56:44","guid":{"rendered":"https:\/\/www.rixon.eu\/napisali-o-nas\/"},"modified":"2025-03-12T09:39:23","modified_gmt":"2025-03-12T08:39:23","slug":"napisali-o-nas","status":"publish","type":"page","link":"https:\/\/www.rixon.eu\/sk\/napisali-o-nas\/","title":{"rendered":"Nap\u00edsali o n\u00e1s"},"content":{"rendered":"\t\t<div data-elementor-type=\"wp-page\" data-elementor-id=\"5498\" class=\"elementor elementor-5498 elementor-4039\" data-elementor-post-type=\"page\">\n\t\t\t\t<div class=\"elementor-element elementor-element-721e282 e-flex e-con-boxed elementor-invisible e-con e-parent\" data-id=\"721e282\" data-element_type=\"container\" data-settings=\"{&quot;background_background&quot;:&quot;classic&quot;,&quot;background_motion_fx_motion_fx_scrolling&quot;:&quot;yes&quot;,&quot;background_motion_fx_translateX_effect&quot;:&quot;yes&quot;,&quot;background_motion_fx_translateX_speed&quot;:{&quot;unit&quot;:&quot;px&quot;,&quot;size&quot;:2,&quot;sizes&quot;:[]},&quot;background_motion_fx_devices&quot;:[&quot;desktop&quot;,&quot;laptop&quot;],&quot;animation&quot;:&quot;fadeIn&quot;,&quot;animation_delay&quot;:300,&quot;background_motion_fx_translateX_affectedRange&quot;:{&quot;unit&quot;:&quot;%&quot;,&quot;size&quot;:&quot;&quot;,&quot;sizes&quot;:{&quot;start&quot;:0,&quot;end&quot;:100}}}\">\n\t\t\t\t\t<div class=\"e-con-inner\">\n\t\t\t\t<div class=\"elementor-element elementor-element-487cd15 elementor-invisible elementor-widget elementor-widget-heading\" data-id=\"487cd15\" data-element_type=\"widget\" data-settings=\"{&quot;_animation&quot;:&quot;fadeInDown&quot;,&quot;_animation_delay&quot;:200}\" data-widget_type=\"heading.default\">\n\t\t\t\t<div class=\"elementor-widget-container\">\n\t\t\t\t\t<h1 class=\"elementor-heading-title elementor-size-default\">Nap\u00edsali o n\u00e1s<\/h1>\t\t\t\t<\/div>\n\t\t\t\t<\/div>\n\t\t\t\t<div class=\"elementor-element elementor-element-e55d8bb animated-slow elementor-invisible elementor-widget elementor-widget-text-editor\" data-id=\"e55d8bb\" data-element_type=\"widget\" data-settings=\"{&quot;_animation&quot;:&quot;fadeIn&quot;,&quot;_animation_delay&quot;:400}\" data-widget_type=\"text-editor.default\">\n\t\t\t\t<div class=\"elementor-widget-container\">\n\t\t\t\t\t\t\t\t\t<p>Pre\u010d\u00edtajte si \u010dl\u00e1nky, ktor\u00e9 o n\u00e1s nap\u00edsali m\u00e9di\u00e1.<\/p>\t\t\t\t\t\t\t\t<\/div>\n\t\t\t\t<\/div>\n\t\t<div class=\"elementor-element elementor-element-c3b34f9 e-con-full e-flex e-con e-child\" data-id=\"c3b34f9\" data-element_type=\"container\">\n\t\t\t\t<div class=\"elementor-element elementor-element-d6aa2c5 elementor-widget elementor-widget-heading\" data-id=\"d6aa2c5\" data-element_type=\"widget\" data-widget_type=\"heading.default\">\n\t\t\t\t<div class=\"elementor-widget-container\">\n\t\t\t\t\t<h3 class=\"elementor-heading-title elementor-size-default\"><a href=\"https:\/\/www.letemsvetemapplem.eu\/2024\/08\/31\/recenze-rixon-denny-zvukove-bohaty-prenosny-bluetooth-reproduktor-do-policky-i-na-cesty\/\" target=\"_blank\" rel=\"noopener\">Recenzia: Prenosn\u00fd reproduktor Bluetooth Rixon Denny bohat\u00fd na zvuk pre police a cestovanie<\/a><\/h3>\t\t\t\t<\/div>\n\t\t\t\t<\/div>\n\t\t\t\t<div class=\"elementor-element elementor-element-df98091 elementor-widget elementor-widget-testimonial\" data-id=\"df98091\" data-element_type=\"widget\" data-widget_type=\"testimonial.default\">\n\t\t\t\t<div class=\"elementor-widget-container\">\n\t\t\t\t\t\t\t<div class=\"elementor-testimonial-wrapper\">\n\t\t\t\t\t\t\t<div class=\"elementor-testimonial-content\">Pr\u00edle\u017eitos\u0165 vysk\u00fa\u0161a\u0165 reproduktor Rixon Denny Bluetooth bola moj\u00edm prv\u00fdm zozn\u00e1men\u00edm sa s touto zna\u010dkou. Nemal som teda \u017eiadne predch\u00e1dzaj\u00face o\u010dak\u00e1vania. Prv\u00e1 vec, ktor\u00e1 si ma z\u00edskala, boli jeho proporcie. Nie je to \u017eiadne mon\u0161trum, ale v\u00fdrobok, ktor\u00fd sa bez probl\u00e9mov zmest\u00ed takmer kamko\u013evek, napr\u00edklad na poli\u010dku, pod monitor po\u010d\u00edta\u010da alebo telev\u00edzor, do ta\u0161ky a v\u010faka p\u00fatku a prilo\u017eenej karab\u00ednke ho m\u00f4\u017eete \u013eahko pripevni\u0165 na popruh batohu.   <\/div>\n\t\t\t\n\t\t\t\t\t\t<div class=\"elementor-testimonial-meta elementor-has-image elementor-testimonial-image-position-aside\">\n\t\t\t\t<div class=\"elementor-testimonial-meta-inner\">\n\t\t\t\t\t\t\t\t\t\t\t<div class=\"elementor-testimonial-image\">\n\t\t\t\t\t\t\t<a href=\"https:\/\/www.letemsvetemapplem.eu\/2024\/08\/31\/recenze-rixon-denny-zvukove-bohaty-prenosny-bluetooth-reproduktor-do-policky-i-na-cesty\/\" target=\"_blank\" rel=\"noopener\"><img fetchpriority=\"high\" decoding=\"async\" width=\"278\" height=\"284\" src=\"https:\/\/www.rixon.eu\/wp-content\/uploads\/2024\/09\/logo-icon.png\" class=\"attachment-full size-full wp-image-4042\" alt=\"\" srcset=\"https:\/\/www.rixon.eu\/wp-content\/uploads\/2024\/09\/logo-icon.png 278w, https:\/\/www.rixon.eu\/wp-content\/uploads\/2024\/09\/logo-icon-60x60.png 60w\" sizes=\"(max-width: 278px) 100vw, 278px\" \/><\/a>\t\t\t\t\t\t<\/div>\n\t\t\t\t\t\n\t\t\t\t\t\t\t\t\t\t<div class=\"elementor-testimonial-details\">\n\t\t\t\t\t\t\t\t\t\t\t\t\t\t<a class=\"elementor-testimonial-name\" href=\"https:\/\/www.letemsvetemapplem.eu\/2024\/08\/31\/recenze-rixon-denny-zvukove-bohaty-prenosny-bluetooth-reproduktor-do-policky-i-na-cesty\/\" target=\"_blank\" rel=\"noopener\">Letom svetom so spolo\u010dnos\u0165ou Apple<\/a>\n\t\t\t\t\t\t\t\t\t\t\t\t\t\t\t\t\t\t\t<\/div>\n\t\t\t\t\t\t\t\t\t<\/div>\n\t\t\t<\/div>\n\t\t\t\t\t<\/div>\n\t\t\t\t\t\t<\/div>\n\t\t\t\t<\/div>\n\t\t\t\t<\/div>\n\t\t<div class=\"elementor-element elementor-element-1e7e675 e-con-full e-flex e-con e-child\" data-id=\"1e7e675\" data-element_type=\"container\">\n\t\t\t\t<div class=\"elementor-element elementor-element-b9c5250 elementor-widget elementor-widget-heading\" data-id=\"b9c5250\" data-element_type=\"widget\" data-widget_type=\"heading.default\">\n\t\t\t\t<div class=\"elementor-widget-container\">\n\t\t\t\t\t<h3 class=\"elementor-heading-title elementor-size-default\"><a href=\"https:\/\/www.letemsvetemapplem.eu\/2024\/09\/11\/seznamte-se-s-rixon-mladou-znackou-audio-produktu-a-mobilniho-prislusenstvi-za-super-ceny\/\" target=\"_blank\" rel=\"noopener\">Zozn\u00e1mte sa so zna\u010dkou Rixon: mlad\u00e1 zna\u010dka audio produktov a mobiln\u00e9ho pr\u00edslu\u0161enstva za skvel\u00e9 ceny<\/a><\/h3>\t\t\t\t<\/div>\n\t\t\t\t<\/div>\n\t\t\t\t<div class=\"elementor-element elementor-element-1f374f7 elementor-widget elementor-widget-testimonial\" data-id=\"1f374f7\" data-element_type=\"widget\" data-widget_type=\"testimonial.default\">\n\t\t\t\t<div class=\"elementor-widget-container\">\n\t\t\t\t\t\t\t<div class=\"elementor-testimonial-wrapper\">\n\t\t\t\t\t\t\t<div class=\"elementor-testimonial-content\">Komer\u010dn\u00e9 inform\u00e1cie: Na trhu je dnes mno\u017estvo r\u00f4znych sl\u00fachadiel, reproduktorov, k\u00e1blov USB, adapt\u00e9rov a \u010fal\u0161ieho pr\u00edslu\u0161enstva. Bohu\u017eia\u013e, nie v\u0161etky z nich pon\u00fakaj\u00fa dostato\u010dn\u00fa kvalitu, atrakt\u00edvny dizajn a z\u00e1rove\u0148 d\u00e1vaj\u00fa zmysel vzh\u013eadom na svoju cenu. Bohu\u017eia\u013e, e\u0161te menej je zna\u010diek, ktor\u00e9 maj\u00fa \u010desk\u00e9 korene, \u010do by ich pre n\u00e1s urobilo e\u0161te atrakt\u00edvnej\u0161\u00edmi. O to viac pote\u0161ia v\u00fdrobky mladej zna\u010dky Rixon, ktor\u00e1 sp\u013a\u0148a v\u0161etky vy\u0161\u0161ie uveden\u00e9 aspekty a jej v\u00fdrobky naozaj stoja za to.   <\/div>\n\t\t\t\n\t\t\t\t\t\t<div class=\"elementor-testimonial-meta elementor-has-image elementor-testimonial-image-position-aside\">\n\t\t\t\t<div class=\"elementor-testimonial-meta-inner\">\n\t\t\t\t\t\t\t\t\t\t\t<div class=\"elementor-testimonial-image\">\n\t\t\t\t\t\t\t<a href=\"https:\/\/www.letemsvetemapplem.eu\/2024\/09\/11\/seznamte-se-s-rixon-mladou-znackou-audio-produktu-a-mobilniho-prislusenstvi-za-super-ceny\/\" target=\"_blank\" rel=\"noopener\"><img fetchpriority=\"high\" decoding=\"async\" width=\"278\" height=\"284\" src=\"https:\/\/www.rixon.eu\/wp-content\/uploads\/2024\/09\/logo-icon.png\" class=\"attachment-full size-full wp-image-4042\" alt=\"\" srcset=\"https:\/\/www.rixon.eu\/wp-content\/uploads\/2024\/09\/logo-icon.png 278w, https:\/\/www.rixon.eu\/wp-content\/uploads\/2024\/09\/logo-icon-60x60.png 60w\" sizes=\"(max-width: 278px) 100vw, 278px\" \/><\/a>\t\t\t\t\t\t<\/div>\n\t\t\t\t\t\n\t\t\t\t\t\t\t\t\t\t<div class=\"elementor-testimonial-details\">\n\t\t\t\t\t\t\t\t\t\t\t\t\t\t<a class=\"elementor-testimonial-name\" href=\"https:\/\/www.letemsvetemapplem.eu\/2024\/09\/11\/seznamte-se-s-rixon-mladou-znackou-audio-produktu-a-mobilniho-prislusenstvi-za-super-ceny\/\" target=\"_blank\" rel=\"noopener\">Letom svetom so spolo\u010dnos\u0165ou Apple<\/a>\n\t\t\t\t\t\t\t\t\t\t\t\t\t\t\t\t\t\t\t<\/div>\n\t\t\t\t\t\t\t\t\t<\/div>\n\t\t\t<\/div>\n\t\t\t\t\t<\/div>\n\t\t\t\t\t\t<\/div>\n\t\t\t\t<\/div>\n\t\t\t\t<\/div>\n\t\t<div class=\"elementor-element elementor-element-2c92e65 e-con-full e-flex e-con e-child\" data-id=\"2c92e65\" data-element_type=\"container\">\n\t\t\t\t<div class=\"elementor-element elementor-element-a46215b elementor-widget elementor-widget-heading\" data-id=\"a46215b\" data-element_type=\"widget\" data-widget_type=\"heading.default\">\n\t\t\t\t<div class=\"elementor-widget-container\">\n\t\t\t\t\t<h3 class=\"elementor-heading-title elementor-size-default\"><a href=\"https:\/\/mobilenet.cz\/clanky\/recenze-rixon-soundplates-sluchatka-bez-domova-51085\" target=\"_blank\" rel=\"noopener\">Recenzia: Rixon Soundplates s v\u00fddr\u017eou, ktor\u00e1 v\u00e1s ohrom\u00ed<\/a><\/h3>\t\t\t\t<\/div>\n\t\t\t\t<\/div>\n\t\t\t\t<div class=\"elementor-element elementor-element-2760a95 elementor-widget elementor-widget-testimonial\" data-id=\"2760a95\" data-element_type=\"widget\" data-widget_type=\"testimonial.default\">\n\t\t\t\t<div class=\"elementor-widget-container\">\n\t\t\t\t\t\t\t<div class=\"elementor-testimonial-wrapper\">\n\t\t\t\t\t\t\t<div class=\"elementor-testimonial-content\">Bezdr\u00f4tov\u00e9 sl\u00fachadl\u00e1, dokonca aj tie ve\u013ek\u00e9, cez hlavu, sa dnes daj\u00fa zohna\u0165 naozaj lacno. Pr\u00e1ve o to sa sna\u017e\u00ed novinka od \u010deskej zna\u010dky Rixon - model Soundplates l\u00e1ka na modern\u00fa konektivitu v podobe Bluetooth 5.3, naozaj dlh\u00fa v\u00fddr\u017e bat\u00e9rie a\u017e 76 hod\u00edn, ale aj na dobr\u00fd vzh\u013ead. Je to recept na \u00faspech?  <\/div>\n\t\t\t\n\t\t\t\t\t\t<div class=\"elementor-testimonial-meta elementor-has-image elementor-testimonial-image-position-aside\">\n\t\t\t\t<div class=\"elementor-testimonial-meta-inner\">\n\t\t\t\t\t\t\t\t\t\t\t<div class=\"elementor-testimonial-image\">\n\t\t\t\t\t\t\t<a href=\"https:\/\/mobilenet.cz\/clanky\/recenze-rixon-soundplates-sluchatka-bez-domova-51085\" target=\"_blank\" rel=\"noopener\"><img decoding=\"async\" width=\"800\" height=\"800\" src=\"https:\/\/www.rixon.eu\/wp-content\/uploads\/2024\/09\/mobile-net.webp\" class=\"attachment-full size-full wp-image-4434\" alt=\"\" srcset=\"https:\/\/www.rixon.eu\/wp-content\/uploads\/2024\/09\/mobile-net.webp 800w, https:\/\/www.rixon.eu\/wp-content\/uploads\/2024\/09\/mobile-net-300x300.webp 300w, https:\/\/www.rixon.eu\/wp-content\/uploads\/2024\/09\/mobile-net-100x100.webp 100w, https:\/\/www.rixon.eu\/wp-content\/uploads\/2024\/09\/mobile-net-600x600.webp 600w, https:\/\/www.rixon.eu\/wp-content\/uploads\/2024\/09\/mobile-net-150x150.webp 150w, https:\/\/www.rixon.eu\/wp-content\/uploads\/2024\/09\/mobile-net-768x768.webp 768w, https:\/\/www.rixon.eu\/wp-content\/uploads\/2024\/09\/mobile-net-60x60.webp 60w\" sizes=\"(max-width: 800px) 100vw, 800px\" \/><\/a>\t\t\t\t\t\t<\/div>\n\t\t\t\t\t\n\t\t\t\t\t\t\t\t\t\t<div class=\"elementor-testimonial-details\">\n\t\t\t\t\t\t\t\t\t\t\t\t\t\t<a class=\"elementor-testimonial-name\" href=\"https:\/\/mobilenet.cz\/clanky\/recenze-rixon-soundplates-sluchatka-bez-domova-51085\" target=\"_blank\" rel=\"noopener\">Mobilenet.cz<\/a>\n\t\t\t\t\t\t\t\t\t\t\t\t\t\t\t\t\t\t\t<\/div>\n\t\t\t\t\t\t\t\t\t<\/div>\n\t\t\t<\/div>\n\t\t\t\t\t<\/div>\n\t\t\t\t\t\t<\/div>\n\t\t\t\t<\/div>\n\t\t\t\t<\/div>\n\t\t<div class=\"elementor-element elementor-element-f6b3e14 e-con-full elementor-hidden-desktop elementor-hidden-laptop elementor-hidden-tablet elementor-hidden-mobile e-flex e-con e-child\" data-id=\"f6b3e14\" data-element_type=\"container\">\n\t\t\t\t<div class=\"elementor-element elementor-element-72d8fc2 elementor-widget elementor-widget-heading\" data-id=\"72d8fc2\" data-element_type=\"widget\" data-widget_type=\"heading.default\">\n\t\t\t\t<div class=\"elementor-widget-container\">\n\t\t\t\t\t<h3 class=\"elementor-heading-title elementor-size-default\"><a href=\"https:\/\/www.letemsvetemapplem.eu\/2024\/08\/31\/recenze-rixon-denny-zvukove-bohaty-prenosny-bluetooth-reproduktor-do-policky-i-na-cesty\/\" target=\"_blank\" rel=\"noopener\">Recenzia: Prenosn\u00fd reproduktor Bluetooth Rixon Denny bohat\u00fd na zvuk pre police a cestovanie<\/a><\/h3>\t\t\t\t<\/div>\n\t\t\t\t<\/div>\n\t\t\t\t<div class=\"elementor-element elementor-element-40ded78 elementor-widget elementor-widget-testimonial\" data-id=\"40ded78\" data-element_type=\"widget\" data-widget_type=\"testimonial.default\">\n\t\t\t\t<div class=\"elementor-widget-container\">\n\t\t\t\t\t\t\t<div class=\"elementor-testimonial-wrapper\">\n\t\t\t\t\t\t\t<div class=\"elementor-testimonial-content\">Pr\u00edle\u017eitos\u0165 vysk\u00fa\u0161a\u0165 reproduktor Rixon Denny Bluetooth bola moj\u00edm prv\u00fdm zozn\u00e1men\u00edm sa s touto zna\u010dkou. Nemal som teda \u017eiadne predch\u00e1dzaj\u00face o\u010dak\u00e1vania. Prv\u00e1 vec, ktor\u00e1 si ma z\u00edskala, boli jeho proporcie. Nie je to \u017eiadne mon\u0161trum, ale v\u00fdrobok, ktor\u00fd sa bez probl\u00e9mov zmest\u00ed takmer kamko\u013evek, napr\u00edklad na poli\u010dku, pod monitor po\u010d\u00edta\u010da alebo telev\u00edzor, do ta\u0161ky a v\u010faka p\u00fatku a prilo\u017eenej karab\u00ednke ho m\u00f4\u017eete \u013eahko pripevni\u0165 na popruh batohu.   <\/div>\n\t\t\t\n\t\t\t\t\t\t<div class=\"elementor-testimonial-meta elementor-has-image elementor-testimonial-image-position-aside\">\n\t\t\t\t<div class=\"elementor-testimonial-meta-inner\">\n\t\t\t\t\t\t\t\t\t\t\t<div class=\"elementor-testimonial-image\">\n\t\t\t\t\t\t\t<a href=\"https:\/\/www.letemsvetemapplem.eu\/2024\/08\/31\/recenze-rixon-denny-zvukove-bohaty-prenosny-bluetooth-reproduktor-do-policky-i-na-cesty\/\" target=\"_blank\" rel=\"noopener\"><img fetchpriority=\"high\" decoding=\"async\" width=\"278\" height=\"284\" src=\"https:\/\/www.rixon.eu\/wp-content\/uploads\/2024\/09\/logo-icon.png\" class=\"attachment-full size-full wp-image-4042\" alt=\"\" srcset=\"https:\/\/www.rixon.eu\/wp-content\/uploads\/2024\/09\/logo-icon.png 278w, https:\/\/www.rixon.eu\/wp-content\/uploads\/2024\/09\/logo-icon-60x60.png 60w\" sizes=\"(max-width: 278px) 100vw, 278px\" \/><\/a>\t\t\t\t\t\t<\/div>\n\t\t\t\t\t\n\t\t\t\t\t\t\t\t\t\t<div class=\"elementor-testimonial-details\">\n\t\t\t\t\t\t\t\t\t\t\t\t\t\t<a class=\"elementor-testimonial-name\" href=\"https:\/\/www.letemsvetemapplem.eu\/2024\/08\/31\/recenze-rixon-denny-zvukove-bohaty-prenosny-bluetooth-reproduktor-do-policky-i-na-cesty\/\" target=\"_blank\" rel=\"noopener\">Letom svetom so spolo\u010dnos\u0165ou Apple<\/a>\n\t\t\t\t\t\t\t\t\t\t\t\t\t\t\t\t\t\t\t<\/div>\n\t\t\t\t\t\t\t\t\t<\/div>\n\t\t\t<\/div>\n\t\t\t\t\t<\/div>\n\t\t\t\t\t\t<\/div>\n\t\t\t\t<\/div>\n\t\t\t\t<\/div>\n\t\t\t\t\t<\/div>\n\t\t\t\t<\/div>\n\t\t<div class=\"elementor-element elementor-element-2c57b1a e-flex e-con-boxed e-con e-parent\" data-id=\"2c57b1a\" data-element_type=\"container\">\n\t\t\t\t\t<div class=\"e-con-inner\">\n\t\t\t\t<div class=\"elementor-element elementor-element-8c1a5af elementor-widget elementor-widget-template\" data-id=\"8c1a5af\" data-element_type=\"widget\" data-widget_type=\"template.default\">\n\t\t\t\t<div class=\"elementor-widget-container\">\n\t\t\t\t\t\t\t<div class=\"elementor-template\">\n\t\t\t\t\t<div data-elementor-type=\"container\" data-elementor-id=\"5597\" class=\"elementor elementor-5597 elementor-1211\" data-elementor-post-type=\"elementor_library\">\n\t\t\t\t<div class=\"elementor-element elementor-element-7b23e363 e-flex e-con-boxed e-con e-parent\" data-id=\"7b23e363\" data-element_type=\"container\">\n\t\t\t\t\t<div class=\"e-con-inner\">\n\t\t\t\t<div class=\"elementor-element elementor-element-44131d01 elementor-invisible elementor-widget elementor-widget-heading\" data-id=\"44131d01\" data-element_type=\"widget\" data-settings=\"{&quot;_animation&quot;:&quot;fadeInDown&quot;,&quot;_animation_delay&quot;:200}\" data-widget_type=\"heading.default\">\n\t\t\t\t<div class=\"elementor-widget-container\">\n\t\t\t\t\t<h2 class=\"elementor-heading-title elementor-size-default\">Sledujte n\u00e1s<\/h2>\t\t\t\t<\/div>\n\t\t\t\t<\/div>\n\t\t\t\t<div class=\"elementor-element elementor-element-526779b3 animated-slow elementor-shape-rounded elementor-grid-0 elementor-invisible elementor-widget elementor-widget-social-icons\" data-id=\"526779b3\" data-element_type=\"widget\" data-settings=\"{&quot;_animation&quot;:&quot;fadeIn&quot;,&quot;_animation_delay&quot;:400}\" data-widget_type=\"social-icons.default\">\n\t\t\t\t<div class=\"elementor-widget-container\">\n\t\t\t\t\t\t\t<div class=\"elementor-social-icons-wrapper elementor-grid\" role=\"list\">\n\t\t\t\t\t\t\t<span class=\"elementor-grid-item\" role=\"listitem\">\n\t\t\t\t\t<a class=\"elementor-icon elementor-social-icon elementor-social-icon-facebook elementor-repeater-item-3ce1419\" href=\"https:\/\/www.facebook.com\/rixon.eu\" target=\"_blank\" rel=\"noopener\">\n\t\t\t\t\t\t<span class=\"elementor-screen-only\">Facebook<\/span>\n\t\t\t\t\t\t<svg aria-hidden=\"true\" class=\"e-font-icon-svg e-fab-facebook\" viewBox=\"0 0 512 512\" xmlns=\"http:\/\/www.w3.org\/2000\/svg\"><path d=\"M504 256C504 119 393 8 256 8S8 119 8 256c0 123.78 90.69 226.38 209.25 245V327.69h-63V256h63v-54.64c0-62.15 37-96.48 93.67-96.48 27.14 0 55.52 4.84 55.52 4.84v61h-31.28c-30.8 0-40.41 19.12-40.41 38.73V256h68.78l-11 71.69h-57.78V501C413.31 482.38 504 379.78 504 256z\"><\/path><\/svg>\t\t\t\t\t<\/a>\n\t\t\t\t<\/span>\n\t\t\t\t\t\t\t<span class=\"elementor-grid-item\" role=\"listitem\">\n\t\t\t\t\t<a class=\"elementor-icon elementor-social-icon elementor-social-icon-instagram elementor-repeater-item-42ae7c1\" href=\"https:\/\/www.instagram.com\/rixon.eu\/\" target=\"_blank\" rel=\"noopener\">\n\t\t\t\t\t\t<span class=\"elementor-screen-only\">Instagram<\/span>\n\t\t\t\t\t\t<svg aria-hidden=\"true\" class=\"e-font-icon-svg e-fab-instagram\" viewBox=\"0 0 448 512\" xmlns=\"http:\/\/www.w3.org\/2000\/svg\"><path d=\"M224.1 141c-63.6 0-114.9 51.3-114.9 114.9s51.3 114.9 114.9 114.9S339 319.5 339 255.9 287.7 141 224.1 141zm0 189.6c-41.1 0-74.7-33.5-74.7-74.7s33.5-74.7 74.7-74.7 74.7 33.5 74.7 74.7-33.6 74.7-74.7 74.7zm146.4-194.3c0 14.9-12 26.8-26.8 26.8-14.9 0-26.8-12-26.8-26.8s12-26.8 26.8-26.8 26.8 12 26.8 26.8zm76.1 27.2c-1.7-35.9-9.9-67.7-36.2-93.9-26.2-26.2-58-34.4-93.9-36.2-37-2.1-147.9-2.1-184.9 0-35.8 1.7-67.6 9.9-93.9 36.1s-34.4 58-36.2 93.9c-2.1 37-2.1 147.9 0 184.9 1.7 35.9 9.9 67.7 36.2 93.9s58 34.4 93.9 36.2c37 2.1 147.9 2.1 184.9 0 35.9-1.7 67.7-9.9 93.9-36.2 26.2-26.2 34.4-58 36.2-93.9 2.1-37 2.1-147.8 0-184.8zM398.8 388c-7.8 19.6-22.9 34.7-42.6 42.6-29.5 11.7-99.5 9-132.1 9s-102.7 2.6-132.1-9c-19.6-7.8-34.7-22.9-42.6-42.6-11.7-29.5-9-99.5-9-132.1s-2.6-102.7 9-132.1c7.8-19.6 22.9-34.7 42.6-42.6 29.5-11.7 99.5-9 132.1-9s102.7-2.6 132.1 9c19.6 7.8 34.7 22.9 42.6 42.6 11.7 29.5 9 99.5 9 132.1s2.7 102.7-9 132.1z\"><\/path><\/svg>\t\t\t\t\t<\/a>\n\t\t\t\t<\/span>\n\t\t\t\t\t\t\t<span class=\"elementor-grid-item\" role=\"listitem\">\n\t\t\t\t\t<a class=\"elementor-icon elementor-social-icon elementor-social-icon-tiktok elementor-repeater-item-bd15338\" href=\"https:\/\/www.tiktok.com\/@rixon.eu\" target=\"_blank\" rel=\"noopener\">\n\t\t\t\t\t\t<span class=\"elementor-screen-only\">Tiktok<\/span>\n\t\t\t\t\t\t<svg aria-hidden=\"true\" class=\"e-font-icon-svg e-fab-tiktok\" viewBox=\"0 0 448 512\" xmlns=\"http:\/\/www.w3.org\/2000\/svg\"><path d=\"M448,209.91a210.06,210.06,0,0,1-122.77-39.25V349.38A162.55,162.55,0,1,1,185,188.31V278.2a74.62,74.62,0,1,0,52.23,71.18V0l88,0a121.18,121.18,0,0,0,1.86,22.17h0A122.18,122.18,0,0,0,381,102.39a121.43,121.43,0,0,0,67,20.14Z\"><\/path><\/svg>\t\t\t\t\t<\/a>\n\t\t\t\t<\/span>\n\t\t\t\t\t\t\t<span class=\"elementor-grid-item\" role=\"listitem\">\n\t\t\t\t\t<a class=\"elementor-icon elementor-social-icon elementor-social-icon-youtube elementor-repeater-item-3f29eaf\" href=\"https:\/\/www.youtube.com\/@rixon_eu\" target=\"_blank\" rel=\"noopener\">\n\t\t\t\t\t\t<span class=\"elementor-screen-only\">Youtube<\/span>\n\t\t\t\t\t\t<svg aria-hidden=\"true\" class=\"e-font-icon-svg e-fab-youtube\" viewBox=\"0 0 576 512\" xmlns=\"http:\/\/www.w3.org\/2000\/svg\"><path d=\"M549.655 124.083c-6.281-23.65-24.787-42.276-48.284-48.597C458.781 64 288 64 288 64S117.22 64 74.629 75.486c-23.497 6.322-42.003 24.947-48.284 48.597-11.412 42.867-11.412 132.305-11.412 132.305s0 89.438 11.412 132.305c6.281 23.65 24.787 41.5 48.284 47.821C117.22 448 288 448 288 448s170.78 0 213.371-11.486c23.497-6.321 42.003-24.171 48.284-47.821 11.412-42.867 11.412-132.305 11.412-132.305s0-89.438-11.412-132.305zm-317.51 213.508V175.185l142.739 81.205-142.739 81.201z\"><\/path><\/svg>\t\t\t\t\t<\/a>\n\t\t\t\t<\/span>\n\t\t\t\t\t<\/div>\n\t\t\t\t\t\t<\/div>\n\t\t\t\t<\/div>\n\t\t\t\t\t<\/div>\n\t\t\t\t<\/div>\n\t\t\t\t<\/div>\n\t\t\t\t<\/div>\n\t\t\t\t\t\t<\/div>\n\t\t\t\t<\/div>\n\t\t\t\t\t<\/div>\n\t\t\t\t<\/div>\n\t\t\t\t<\/div>\n\t\t","protected":false},"excerpt":{"rendered":"<p>Nap\u00edsali o n\u00e1s Pre\u010d\u00edtajte si \u010dl\u00e1nky, ktor\u00e9 o n\u00e1s nap\u00edsali m\u00e9di\u00e1. Recenzia: Prenosn\u00fd reproduktor Bluetooth Rixon Denny bohat\u00fd na zvuk pre police a cestovanie Pr\u00edle\u017eitos\u0165 vysk\u00fa\u0161a\u0165 reproduktor Rixon Denny Bluetooth bola moj\u00edm prv\u00fdm zozn\u00e1men\u00edm sa s touto zna\u010dkou. Nemal som teda \u017eiadne predch\u00e1dzaj\u00face o\u010dak\u00e1vania. Prv\u00e1 vec, ktor\u00e1 si ma z\u00edskala, boli jeho proporcie. Nie je [&hellip;]<\/p>\n","protected":false},"author":3,"featured_media":5460,"parent":0,"menu_order":0,"comment_status":"closed","ping_status":"closed","template":"","meta":{"_acf_changed":false,"footnotes":""},"class_list":["post-5498","page","type-page","status-publish","has-post-thumbnail","hentry"],"acf":[],"_links":{"self":[{"href":"https:\/\/www.rixon.eu\/sk\/wp-json\/wp\/v2\/pages\/5498","targetHints":{"allow":["GET"]}}],"collection":[{"href":"https:\/\/www.rixon.eu\/sk\/wp-json\/wp\/v2\/pages"}],"about":[{"href":"https:\/\/www.rixon.eu\/sk\/wp-json\/wp\/v2\/types\/page"}],"author":[{"embeddable":true,"href":"https:\/\/www.rixon.eu\/sk\/wp-json\/wp\/v2\/users\/3"}],"replies":[{"embeddable":true,"href":"https:\/\/www.rixon.eu\/sk\/wp-json\/wp\/v2\/comments?post=5498"}],"version-history":[{"count":0,"href":"https:\/\/www.rixon.eu\/sk\/wp-json\/wp\/v2\/pages\/5498\/revisions"}],"wp:featuredmedia":[{"embeddable":true,"href":"https:\/\/www.rixon.eu\/sk\/wp-json\/wp\/v2\/media\/5460"}],"wp:attachment":[{"href":"https:\/\/www.rixon.eu\/sk\/wp-json\/wp\/v2\/media?parent=5498"}],"curies":[{"name":"wp","href":"https:\/\/api.w.org\/{rel}","templated":true}]}}