{"id":5521,"date":"2024-08-07T11:00:22","date_gmt":"2024-08-07T09:00:22","guid":{"rendered":"https:\/\/www.rixon.eu\/prislusenstvo\/"},"modified":"2025-03-14T17:02:32","modified_gmt":"2025-03-14T16:02:32","slug":"prislusenstvo","status":"publish","type":"page","link":"https:\/\/www.rixon.eu\/sk\/prislusenstvo\/","title":{"rendered":"Pr\u00edslu\u0161enstvo"},"content":{"rendered":"\t\t<div data-elementor-type=\"wp-page\" data-elementor-id=\"5521\" class=\"elementor elementor-5521 elementor-1266\" data-elementor-post-type=\"page\">\n\t\t\t\t<div class=\"elementor-element elementor-element-06dae22 e-flex e-con-boxed e-con e-parent\" data-id=\"06dae22\" data-element_type=\"container\">\n\t\t\t\t\t<div class=\"e-con-inner\">\n\t\t\t\t<div class=\"elementor-element elementor-element-3b710fb elementor-invisible elementor-widget elementor-widget-heading\" data-id=\"3b710fb\" data-element_type=\"widget\" data-settings=\"{&quot;_animation&quot;:&quot;fadeInUp&quot;}\" data-widget_type=\"heading.default\">\n\t\t\t\t<div class=\"elementor-widget-container\">\n\t\t\t\t\t<h1 class=\"elementor-heading-title elementor-size-default\">pr\u00edslu\u0161enstvo<\/h1>\t\t\t\t<\/div>\n\t\t\t\t<\/div>\n\t\t\t\t\t<\/div>\n\t\t\t\t<\/div>\n\t\t<div class=\"elementor-element elementor-element-7c6f0a3 e-con-full elementor-hidden-tablet elementor-hidden-mobile e-flex e-con e-parent\" data-id=\"7c6f0a3\" data-element_type=\"container\" data-settings=\"{&quot;background_background&quot;:&quot;classic&quot;}\">\n\t\t\t\t<div class=\"elementor-element elementor-element-9130e7a elementor-invisible elementor-widget elementor-widget-image\" data-id=\"9130e7a\" data-element_type=\"widget\" data-settings=\"{&quot;motion_fx_motion_fx_scrolling&quot;:&quot;yes&quot;,&quot;_animation&quot;:&quot;fadeIn&quot;,&quot;_animation_delay&quot;:400,&quot;motion_fx_devices&quot;:[&quot;desktop&quot;,&quot;laptop&quot;,&quot;tablet&quot;,&quot;mobile&quot;]}\" data-widget_type=\"image.default\">\n\t\t\t\t<div class=\"elementor-widget-container\">\n\t\t\t\t\t\t\t\t\t\t\t\t\t\t\t<img fetchpriority=\"high\" decoding=\"async\" width=\"1584\" height=\"1583\" src=\"https:\/\/www.rixon.eu\/wp-content\/uploads\/2024\/08\/prislusenstvi-1.webp\" class=\"attachment-full size-full wp-image-5522\" alt=\"\" srcset=\"https:\/\/www.rixon.eu\/wp-content\/uploads\/2024\/08\/prislusenstvi-1.webp 1584w, https:\/\/www.rixon.eu\/wp-content\/uploads\/2024\/08\/prislusenstvi-1-300x300.webp 300w, https:\/\/www.rixon.eu\/wp-content\/uploads\/2024\/08\/prislusenstvi-1-100x100.webp 100w, https:\/\/www.rixon.eu\/wp-content\/uploads\/2024\/08\/prislusenstvi-1-600x600.webp 600w, https:\/\/www.rixon.eu\/wp-content\/uploads\/2024\/08\/prislusenstvi-1-1024x1024.webp 1024w, https:\/\/www.rixon.eu\/wp-content\/uploads\/2024\/08\/prislusenstvi-1-150x150.webp 150w, https:\/\/www.rixon.eu\/wp-content\/uploads\/2024\/08\/prislusenstvi-1-768x768.webp 768w, https:\/\/www.rixon.eu\/wp-content\/uploads\/2024\/08\/prislusenstvi-1-1536x1536.webp 1536w\" sizes=\"(max-width: 1584px) 100vw, 1584px\" \/>\t\t\t\t\t\t\t\t\t\t\t\t\t\t\t<\/div>\n\t\t\t\t<\/div>\n\t\t\t\t<\/div>\n\t\t<div class=\"elementor-element elementor-element-d6e05a5 e-flex e-con-boxed e-con e-parent\" data-id=\"d6e05a5\" data-element_type=\"container\">\n\t\t\t\t\t<div class=\"e-con-inner\">\n\t\t\t\t<div class=\"elementor-element elementor-element-01703f5 elementor-invisible elementor-widget elementor-widget-heading\" data-id=\"01703f5\" data-element_type=\"widget\" data-settings=\"{&quot;_animation&quot;:&quot;fadeInDown&quot;,&quot;_animation_delay&quot;:200}\" data-widget_type=\"heading.default\">\n\t\t\t\t<div class=\"elementor-widget-container\">\n\t\t\t\t\t<h2 class=\"elementor-heading-title elementor-size-default\">Napl\u0148te \u0161\u0165avu na \u010fal\u0161ie po\u010d\u00favanie<\/h2>\t\t\t\t<\/div>\n\t\t\t\t<\/div>\n\t\t\t\t\t<\/div>\n\t\t\t\t<\/div>\n\t\t<div class=\"elementor-element elementor-element-574391e e-con-full animated-slow e-flex elementor-invisible e-con e-parent\" data-id=\"574391e\" data-element_type=\"container\" data-settings=\"{&quot;animation&quot;:&quot;fadeIn&quot;,&quot;animation_delay&quot;:300}\">\n\t\t<a class=\"elementor-element elementor-element-6f4121b e-con-full scale-img e-flex e-con e-child\" data-id=\"6f4121b\" data-element_type=\"container\" data-settings=\"{&quot;background_background&quot;:&quot;classic&quot;}\" href=\"https:\/\/www.rixon.eu\/sk\/p\/prislusenstvo\/20w-nabijaci-adapter-usb-c\/\">\n\t\t\t\t<div class=\"elementor-element elementor-element-1c19fa4 elementor-widget elementor-widget-heading\" data-id=\"1c19fa4\" data-element_type=\"widget\" data-widget_type=\"heading.default\">\n\t\t\t\t<div class=\"elementor-widget-container\">\n\t\t\t\t\t<h3 class=\"elementor-heading-title elementor-size-default\">20W nab\u00edjac\u00ed adapt\u00e9r USB-C<\/h3>\t\t\t\t<\/div>\n\t\t\t\t<\/div>\n\t\t\t\t<\/a>\n\t\t<a class=\"elementor-element elementor-element-66c66e2 e-con-full scale-img e-flex e-con e-child\" data-id=\"66c66e2\" data-element_type=\"container\" data-settings=\"{&quot;background_background&quot;:&quot;classic&quot;}\" href=\"https:\/\/www.rixon.eu\/sk\/p\/prislusenstvo\/datovy-a-nabijaci-kabel-usb-c-lightning\/\">\n\t\t\t\t<div class=\"elementor-element elementor-element-832afbf elementor-widget elementor-widget-heading\" data-id=\"832afbf\" data-element_type=\"widget\" data-widget_type=\"heading.default\">\n\t\t\t\t<div class=\"elementor-widget-container\">\n\t\t\t\t\t<h3 class=\"elementor-heading-title elementor-size-default\">D\u00e1tov\u00fd a nab\u00edjac\u00ed k\u00e1bel USB-C\/lightning<\/h3>\t\t\t\t<\/div>\n\t\t\t\t<\/div>\n\t\t\t\t<\/a>\n\t\t\t\t<\/div>\n\t\t<div class=\"elementor-element elementor-element-7810794 e-con-full animated-slow e-flex elementor-invisible e-con e-parent\" data-id=\"7810794\" data-element_type=\"container\" data-settings=\"{&quot;animation&quot;:&quot;fadeIn&quot;,&quot;animation_delay&quot;:300}\">\n\t\t<a class=\"elementor-element elementor-element-09995a4 e-con-full scale-img e-flex e-con e-child\" data-id=\"09995a4\" data-element_type=\"container\" data-settings=\"{&quot;background_background&quot;:&quot;classic&quot;}\" href=\"https:\/\/www.rixon.eu\/sk\/p\/prislusenstvo\/30w-nabijaci-adapter-usb-c\/\">\n\t\t\t\t<div class=\"elementor-element elementor-element-fd57251 elementor-widget elementor-widget-heading\" data-id=\"fd57251\" data-element_type=\"widget\" data-widget_type=\"heading.default\">\n\t\t\t\t<div class=\"elementor-widget-container\">\n\t\t\t\t\t<h3 class=\"elementor-heading-title elementor-size-default\">30W nab\u00edjac\u00ed adapt\u00e9r USB-C\/USB-A<\/h3>\t\t\t\t<\/div>\n\t\t\t\t<\/div>\n\t\t\t\t<\/a>\n\t\t<a class=\"elementor-element elementor-element-1e2987d e-con-full scale-img e-flex e-con e-child\" data-id=\"1e2987d\" data-element_type=\"container\" data-settings=\"{&quot;background_background&quot;:&quot;classic&quot;}\" href=\"https:\/\/www.rixon.eu\/sk\/p\/prislusenstvo\/20w-nabijaci-adapter-usb-c-usb-a\/\">\n\t\t\t\t<div class=\"elementor-element elementor-element-b107c2a elementor-widget elementor-widget-heading\" data-id=\"b107c2a\" data-element_type=\"widget\" data-widget_type=\"heading.default\">\n\t\t\t\t<div class=\"elementor-widget-container\">\n\t\t\t\t\t<h3 class=\"elementor-heading-title elementor-size-default\">20W nab\u00edjac\u00ed adapt\u00e9r USB-C\/USB-A<\/h3>\t\t\t\t<\/div>\n\t\t\t\t<\/div>\n\t\t\t\t<\/a>\n\t\t<a class=\"elementor-element elementor-element-283d8b0 e-con-full scale-img e-flex e-con e-child\" data-id=\"283d8b0\" data-element_type=\"container\" data-settings=\"{&quot;background_background&quot;:&quot;classic&quot;}\" href=\"https:\/\/www.rixon.eu\/sk\/p\/prislusenstvo\/datovy-a-nabijaci-kabel-usb-c-usb-c\/\">\n\t\t\t\t<div class=\"elementor-element elementor-element-0631b33 elementor-widget elementor-widget-heading\" data-id=\"0631b33\" data-element_type=\"widget\" data-widget_type=\"heading.default\">\n\t\t\t\t<div class=\"elementor-widget-container\">\n\t\t\t\t\t<h3 class=\"elementor-heading-title elementor-size-default\">D\u00e1tov\u00fd a nab\u00edjac\u00ed k\u00e1bel USB-C\/USB-C<\/h3>\t\t\t\t<\/div>\n\t\t\t\t<\/div>\n\t\t\t\t<\/a>\n\t\t\t\t<\/div>\n\t\t\t\t<\/div>\n\t\t","protected":false},"excerpt":{"rendered":"<p>pr\u00edslu\u0161enstvo Napl\u0148te \u0161\u0165avu na \u010fal\u0161ie po\u010d\u00favanie 20W nab\u00edjac\u00ed adapt\u00e9r USB-C D\u00e1tov\u00fd a nab\u00edjac\u00ed k\u00e1bel USB-C\/lightning 30W nab\u00edjac\u00ed adapt\u00e9r USB-C\/USB-A 20W nab\u00edjac\u00ed adapt\u00e9r USB-C\/USB-A D\u00e1tov\u00fd a nab\u00edjac\u00ed k\u00e1bel USB-C\/USB-C<\/p>\n","protected":false},"author":1,"featured_media":5522,"parent":0,"menu_order":0,"comment_status":"closed","ping_status":"closed","template":"","meta":{"_acf_changed":false,"footnotes":""},"class_list":["post-5521","page","type-page","status-publish","has-post-thumbnail","hentry"],"acf":[],"_links":{"self":[{"href":"https:\/\/www.rixon.eu\/sk\/wp-json\/wp\/v2\/pages\/5521","targetHints":{"allow":["GET"]}}],"collection":[{"href":"https:\/\/www.rixon.eu\/sk\/wp-json\/wp\/v2\/pages"}],"about":[{"href":"https:\/\/www.rixon.eu\/sk\/wp-json\/wp\/v2\/types\/page"}],"author":[{"embeddable":true,"href":"https:\/\/www.rixon.eu\/sk\/wp-json\/wp\/v2\/users\/1"}],"replies":[{"embeddable":true,"href":"https:\/\/www.rixon.eu\/sk\/wp-json\/wp\/v2\/comments?post=5521"}],"version-history":[{"count":0,"href":"https:\/\/www.rixon.eu\/sk\/wp-json\/wp\/v2\/pages\/5521\/revisions"}],"wp:featuredmedia":[{"embeddable":true,"href":"https:\/\/www.rixon.eu\/sk\/wp-json\/wp\/v2\/media\/5522"}],"wp:attachment":[{"href":"https:\/\/www.rixon.eu\/sk\/wp-json\/wp\/v2\/media?parent=5521"}],"curies":[{"name":"wp","href":"https:\/\/api.w.org\/{rel}","templated":true}]}}