{"id":5731,"date":"2024-08-05T23:44:39","date_gmt":"2024-08-05T21:44:39","guid":{"rendered":"https:\/\/www.rixon.eu\/ochrana-osobnych-udajov\/"},"modified":"2025-03-13T08:11:08","modified_gmt":"2025-03-13T07:11:08","slug":"ochrana-osobnych-udajov","status":"publish","type":"page","link":"https:\/\/www.rixon.eu\/sk\/ochrana-osobnych-udajov\/","title":{"rendered":"Ochrana osobn\u00fdch \u00fadajov"},"content":{"rendered":"\t\t<div data-elementor-type=\"wp-page\" data-elementor-id=\"5731\" class=\"elementor elementor-5731 elementor-537\" data-elementor-post-type=\"page\">\n\t\t\t\t<div class=\"elementor-element elementor-element-2807281 e-flex e-con-boxed e-con e-parent\" data-id=\"2807281\" data-element_type=\"container\" data-settings=\"{&quot;background_background&quot;:&quot;classic&quot;}\">\n\t\t\t\t\t<div class=\"e-con-inner\">\n\t\t\t\t<div class=\"elementor-element elementor-element-6a95dfe elementor-invisible elementor-widget elementor-widget-heading\" data-id=\"6a95dfe\" data-element_type=\"widget\" data-settings=\"{&quot;_animation&quot;:&quot;fadeInDown&quot;,&quot;_animation_delay&quot;:200}\" data-widget_type=\"heading.default\">\n\t\t\t\t<div class=\"elementor-widget-container\">\n\t\t\t\t\t<h1 class=\"elementor-heading-title elementor-size-default\">Ochrana osobn\u00fdch \u00fadajov<\/h1>\t\t\t\t<\/div>\n\t\t\t\t<\/div>\n\t\t\t\t<div class=\"elementor-element elementor-element-d347532 animated-slow elementor-invisible elementor-widget elementor-widget-text-editor\" data-id=\"d347532\" data-element_type=\"widget\" data-settings=\"{&quot;_animation&quot;:&quot;fadeIn&quot;,&quot;_animation_delay&quot;:400}\" data-widget_type=\"text-editor.default\">\n\t\t\t\t<div class=\"elementor-widget-container\">\n\t\t\t\t\t\t\t\t\t<p>D\u00e1tum poslednej zmeny smernice:15.8.2024<\/p><h3>I. \u00davodn\u00e9 ustanovenia<\/h3><p>V tejto smernici sa stanovuj\u00fa z\u00e1sady ochrany zhroma\u017eden\u00fdch osobn\u00fdch \u00fadajov.<\/p><p>Krist\u00fdna Moulisov\u00e1 sa t\u00fdmto zav\u00e4zuje dodr\u017eiava\u0165 v\u0161eobecn\u00fa ochranu osobn\u00fdch \u00fadajov platn\u00fa od 25. m\u00e1ja 2018 v s\u00falade s Nariaden\u00edm Eur\u00f3pskej komisie \u010d. 679 \/ 2016, tzv. GDPR (\u010falej len GDPR) a s n\u00edm s\u00favisiacou n\u00e1rodnou legislat\u00edvou.   <\/p><p>Okrem toho sa Krist\u00fdna Moulis zav\u00e4zuje, \u017ee v\u017edy podnikne tak\u00e9 kroky, aby dodr\u017eiavala GDPR a s\u00favisiace vn\u00fatro\u0161t\u00e1tne predpisy.<\/p><h3> <\/h3><h3>II. Defin\u00edcia pojmov <\/h3><p>Dotknut\u00e1 osoba &#8211; je fyzick\u00e1 osoba, ktorej sa osobn\u00e9 \u00fadaje t\u00fdkaj\u00fa.T\u00e1to osoba je identifikovan\u00e1 alebo identifikovate\u013en\u00e1 na z\u00e1klade \u00fadajov (napr. mena, identifika\u010dn\u00e9ho \u010d\u00edsla, lokaliza\u010dn\u00fdch \u00fadajov, sie\u0165ov\u00e9ho identifik\u00e1tora alebo jedn\u00e9ho \u010di viacer\u00fdch konkr\u00e9tnych prvkov fyzickej, fyziologickej, genetickej, psychickej, ekonomickej, kult\u00farnej alebo soci\u00e1lnej identity tejto fyzickej osoby). <\/p><p>Osobn\u00e9 \u00fadaje &#8211; s\u00fa ak\u00e9ko\u013evek \u00fadaje, ktor\u00e9 sl\u00fa\u017eia na jednozna\u010dn\u00fa identifik\u00e1ciu konkr\u00e9tnej fyzickej osoby.<\/p><p>Citliv\u00e9 \u00fadaje &#8211; s\u00fa osobitnou kateg\u00f3riou osobn\u00fdch \u00fadajov, ktor\u00e9 odha\u013euj\u00fa n\u00e1rodnostn\u00fd, rasov\u00fd alebo etnick\u00fd p\u00f4vod, politick\u00e9 n\u00e1zory, \u010dlenstvo v odboroch, n\u00e1bo\u017eensk\u00e9 alebo filozofick\u00e9 presved\u010denie, biometrick\u00e9 a genetick\u00e9 \u00fadaje, zdravotn\u00fd stav a sexu\u00e1lny \u017eivot dotknutej osoby.<\/p><p>Prev\u00e1dzkovate\u013e &#8211; je subjekt (fyzick\u00e1 alebo pr\u00e1vnick\u00e1 osoba, org\u00e1n verejnej moci alebo in\u00fd subjekt), ktor\u00fd ur\u010duje \u00fa\u010dely a prostriedky sprac\u00favania osobn\u00fdch \u00fadajov, z\u00edskava a \u010falej sprac\u00fava osobn\u00e9 \u00fadaje fyzick\u00fdch os\u00f4b a zodpoved\u00e1 za ich sprac\u00favanie. Sprac\u00favan\u00edm m\u00f4\u017ee poveri\u0165 sprostredkovate\u013ea, ak tak ustanovuje z\u00e1kon. <\/p><p>Spracovate\u013e &#8211; je in\u00fd subjekt odli\u0161n\u00fd od Prev\u00e1dzkovate\u013ea, ktor\u00fd sprac\u00fava osobn\u00e9 \u00fadaje fyzick\u00fdch os\u00f4b pre Prev\u00e1dzkovate\u013ea na z\u00e1klade vopred dohodnut\u00e9ho \u00fa\u010delu, rob\u00ed tak na z\u00e1klade z\u00e1kona alebo na z\u00e1klade poverenia od Prev\u00e1dzkovate\u013ea.<\/p><p>Pr\u00edjemca &#8211; je fyzick\u00e1 alebo pr\u00e1vnick\u00e1 osoba alebo in\u00fd subjekt, ktor\u00fd prij\u00edma poskytnut\u00e9 osobn\u00e9 \u00fadaje na vopred dohodnut\u00fd \u00fa\u010del a \u00fadaje \u010falej nesprac\u00fava. Org\u00e1n verejnej moci, ktor\u00fd prij\u00edma osobn\u00e9 \u00fadaje v r\u00e1mci svojich vy\u0161etrovac\u00edch pr\u00e1vomoc\u00ed, sa nepova\u017euje za pr\u00edjemcu, ale jeho spracovanie mus\u00ed by\u0165 v s\u00falade s platn\u00fdmi pravidlami ochrany \u00fadajov pod\u013ea \u00fa\u010delu spracovania. <\/p><p>Umiestnenie &#8211; je fyzick\u00e9 \u00falo\u017eisko, kde s\u00fa osobn\u00e9 \u00fadaje ulo\u017een\u00e9 (napr. zaklada\u010d, skri\u0148a, reg\u00e1l).<\/p><p>Pr\u00e1vny titul &#8211; je pr\u00e1vny z\u00e1klad uveden\u00fd v GDPR, na z\u00e1klade ktor\u00e9ho fyzick\u00e1 alebo pr\u00e1vnick\u00e1 osoba, org\u00e1n verejnej moci alebo in\u00fd subjekt eviduje osobn\u00e9 \u00fadaje.<\/p><p>\u00da\u010del spracovania &#8211; je od\u00f4vodnenie, pre\u010do s\u00fa osobn\u00e9 \u00fadaje potrebn\u00e9 a \u017ee sa bud\u00fa pou\u017e\u00edva\u0165 len na vymedzen\u00fd \u00fa\u010del.<\/p><p>Doba sprac\u00favania &#8211; je doba, po\u010das ktorej zaznamen\u00e1vame konkr\u00e9tne osobn\u00e9 \u00fadaje, pri\u010dom t\u00e1to doba m\u00e1 by\u0165 primeran\u00e1, pokia\u013e nie je stanoven\u00e1 z\u00e1konom.<\/p><p>Minimaliz\u00e1cia \u00fadajov &#8211; je proces, ktor\u00fd vedie prev\u00e1dzkovate\u013ea k tomu, aby po\u017eadoval len tie osobn\u00e9 \u00fadaje, ktor\u00e9 s\u00fa nevyhnutn\u00e9 na v\u00fdkon jeho \u010dinnost\u00ed.<\/p><p>Obmedzenie sprac\u00favania &#8211; je vytvorenie stavu, v ktorom s\u00fa osobn\u00e9 \u00fadaje po ur\u010dit\u00fa dobu nedostupn\u00e9 a nemo\u017eno ich inak sprac\u00fava\u0165.<\/p><p>Zni\u010denie osobn\u00fdch \u00fadajov &#8211; je nezvratn\u00e9 zni\u010denie osobn\u00fdch \u00fadajov<\/p><h3> <\/h3><h3>III. Pr\u00e1va a povinnosti <\/h3><ol><li>1. Na\u0161a organiz\u00e1cia nevymenovala \u00faradn\u00edka pre ochranu \u00fadajov.<\/li><\/ol><ol><li>2. Pr\u00e1vo pracova\u0165 s osobn\u00fdmi \u00fadajmi maj\u00fa len opr\u00e1vnen\u00ed pracovn\u00edci Krist\u00fdna Moulisov\u00e1<\/li><\/ol><ol><li>3. Krist\u00fdna Moulisov\u00e1<\/li><\/ol><ol><li>4. Opr\u00e1vnen\u00ed zamestnanci sa zav\u00e4zuj\u00fa dodr\u017eiava\u0165 z\u00e1sady ochrany osobn\u00fdch \u00fadajov, ktor\u00e9 s\u00fa:<ol><li>informova\u0165 dotknut\u00fa osobu o jej pr\u00e1vach a povinnostiach ako prev\u00e1dzkovate\u013ea<\/li><li>informova\u0165 dotknut\u00fa osobu o pr\u00e1vnom titule, \u00fa\u010dele sprac\u00favania a trvan\u00ed sprac\u00favania jej osobn\u00fdch \u00fadajov<\/li><li>po\u017eadova\u0165 len tak\u00e9 osobn\u00e9 \u00fadaje, ktor\u00e9 s\u00fa potrebn\u00e9 na v\u00fdkon ich \u010dinnost\u00ed<\/li><li>zaznamen\u00e1va\u0165 osobn\u00e9 \u00fadaje len do ur\u010den\u00fdch dokumentov a ur\u010den\u00fdch syst\u00e9mov<\/li><li>Neposkytova\u0165 \u017eiadne osobn\u00e9 \u00fadaje neopr\u00e1vnen\u00fdm osob\u00e1m.<\/li><\/ol><\/li><\/ol><ol><li>5. Spolo\u010dnos\u0165 sa zav\u00e4zuje, \u017ee s osobn\u00fdmi \u00fadajmi bude zaobch\u00e1dza\u0165 len v primerane zabezpe\u010den\u00fdch budov\u00e1ch a miestnostiach.<\/li><\/ol><p>Vhodne zabezpe\u010den\u00e9 budovy a miestnosti s\u00fa:<\/p><p>&#8211; Sklad+kancel\u00e1rie+obchod Rixon<\/p><ul><li>6. Pri odchode z miestnosti, v ktorej sa nach\u00e1dzaj\u00fa osobn\u00e9 \u00fadaje, je poveren\u00fd zamestnanec povinn\u00fd zabezpe\u010di\u0165 jednotliv\u00e9 miesta a miestnos\u0165 proti vniknutiu nepovolan\u00fdch os\u00f4b.<\/li><\/ul><ol><li>7. Tla\u010den\u00e9 dokumenty a IT zariadenia obsahuj\u00face osobn\u00e9 \u00fadaje, s ktor\u00fdmi sa pr\u00e1ve nepracuje, musia opr\u00e1vnen\u00ed zamestnanci ulo\u017ei\u0165 do ur\u010den\u00fdch \u00falo\u017en\u00fdch priestorov.<br>Tieto \u00falo\u017eisk\u00e1 s\u00fa: Arch\u00edvy<\/li><\/ol><ol><li>8. V\u0161etky zariadenia IT, na ktor\u00fdch sa sprac\u00favaj\u00fa osobn\u00e9 \u00fadaje, musia by\u0165 primerane zabezpe\u010den\u00e9, minim\u00e1lne s dostato\u010dn\u00fdm zabezpe\u010den\u00edm alebo fyzickou a elektronickou ochranou, aby sa zabr\u00e1nilo \u00faniku \u00fadajov.<\/li><\/ol><p>Vhodne zabezpe\u010den\u00e9 IT zariadenia s\u00fa:Server, d\u00e1tov\u00e9 \u00falo\u017eisko Coolhosting, d\u00e1tov\u00e9 \u00falo\u017eisko MailChimp, kamerov\u00fd syst\u00e9m s HDD.<\/p><ol><li>9. Pri odchode z pracoviska je opr\u00e1vnen\u00fd zamestnanec povinn\u00fd zabezpe\u010di\u0165 IT zariadenie uzamknut\u00edm obrazovky a n\u00e1sledn\u00fdm vy\u017eadovan\u00edm hesla alebo vypnut\u00edm zariadenia.<\/li><\/ol><ol><li>10. Krist\u00fdna Moulisov\u00e1 sa zav\u00e4zuje pravidelne z\u00e1lohova\u0165 \u00fadaje obsahuj\u00face osobn\u00e9 \u00fadaje. Krist\u00fdna Moulisov\u00e1 pravidelne z\u00e1lohuje svoje \u00fadaje na nasleduj\u00face z\u00e1lo\u017en\u00e9 zariadenia. <\/li><\/ol><ol><li>11. Krist\u00fdna Moulisov\u00e1 prev\u00e1dzkuje webov\u00fa str\u00e1nku <a href=\"http:\/\/www.rixon.eu\/\" target=\"_blank\" rel=\"noopener\" data-saferedirecturl=\"https:\/\/www.google.com\/url?q=http:\/\/www.rixon.eu&amp;source=gmail&amp;ust=1723818320786000&amp;usg=AOvVaw3dY1G8BwfYf9k3JIJ0aRy5\">www.rixon.eu<\/a>, na ktorej sa zav\u00e4zuje vlo\u017ei\u0165 inform\u00e1cie o sprac\u00favan\u00ed cookies, z\u00e1sad\u00e1ch sprac\u00favania osobn\u00fdch \u00fadajov na webovej str\u00e1nke a pr\u00e1vach dotknutej osoby, resp. poskytn\u00fa\u0165 na t\u00fdch miestach, kde sa zhroma\u017e\u010fuj\u00fa osobn\u00e9 \u00fadaje, informa\u010dn\u00fa povinnos\u0165.<\/li><\/ol><ol><li>12. Krist\u00fdna Moulisov\u00e1 sa zav\u00e4zuje, \u017ee ka\u017ed\u00fd dokument a formul\u00e1r, na ktorom iniciuje sprac\u00favanie osobn\u00fdch \u00fadajov fyzickej osoby, opatr\u00ed informat\u00edvnym dodatkom o sprac\u00favan\u00ed osobn\u00fdch \u00fadajov s odkazom na \u00fapln\u00e9 znenie Z\u00e1sad sprac\u00favania osobn\u00fdch \u00fadajov.<\/li><\/ol><ol><li>13. Krist\u00fdna Moulisov\u00e1 prev\u00e1dzkuje tieto informa\u010dn\u00e9 syst\u00e9my, v ktor\u00fdch zaznamen\u00e1va osobn\u00e9 \u00fadaje. Abra Flexibee, MailChimp. V\u0161etky tieto informa\u010dn\u00e9 syst\u00e9my musia by\u0165 zabezpe\u010den\u00e9 pr\u00edstupov\u00fdmi pr\u00e1vami a vhodne zabezpe\u010den\u00e9 proti neopr\u00e1vnen\u00e9mu zneu\u017eitiu a pr\u00edstupu.  <\/li><\/ol><ol><li>14. V\u0161etky informa\u010dn\u00e9 syst\u00e9my musia by\u0165 z\u00e1lohovan\u00e9 a z\u00e1lohy musia by\u0165 ulo\u017een\u00e9 na bezpe\u010dn\u00fdch miestach.<\/li><\/ol><ol><li>15 Ka\u017ed\u00fd dokument obsahuj\u00faci osobn\u00e9 \u00fadaje mus\u00ed ma\u0165 pr\u00e1vny titul, \u00fa\u010del spracovania a dobu trvania spracovania. Krist\u00fdna Moulisov\u00e1 eviduje osobn\u00e9 \u00fadaje na z\u00e1klade t\u00fdchto pr\u00e1vnych titulov. <\/li><\/ol><ol><li>16. Krist\u00fdna Moulisov\u00e1 pri svojej \u010dinnosti pracuje s t\u00fdmito osobn\u00fdmi \u00fadajmi: Meno, adresa, priezvisko, rodn\u00e9 \u010d\u00edslo, telef\u00f3nne \u010d\u00edslo, da\u0148ov\u00e9 identifika\u010dn\u00e9 \u010d\u00edslo fyzickej osoby, \u010d\u00edslo bankov\u00e9ho \u00fa\u010dtu, \u010d\u00edslo zamestnanca, doru\u010dovacia adresa, e-mail, d\u00e1tum narodenia, kamerov\u00fd z\u00e1znam &#8211; video, foto.<\/li><\/ol><ol><li>17. Krist\u00fdna Moulisov\u00e1 m\u00f4\u017ee pren\u00e1\u0161a\u0165 osobn\u00e9 \u00fadaje svojim zmluvn\u00fdm partnerom (sprostredkovate\u013eom). T\u00edto spracovatelia s\u00fa.  <\/li><\/ol><ol><li>18. Organiz\u00e1cia je povinn\u00e1 dohodn\u00fa\u0165 s t\u00fdmito sprostredkovate\u013emi dodatok k zmluve alebo zmluvu o nakladan\u00ed s odovzdan\u00fdmi osobn\u00fdmi \u00fadajmi v zmysle ochrany osobn\u00fdch \u00fadajov a vykona\u0165 pr\u00edpadn\u00fa kontrolu dodr\u017eiavania z\u00e1sad ochrany osobn\u00fdch \u00fadajov t\u00fdmito sprostredkovate\u013emi.<\/li><\/ol><ol><li>19. Krist\u00fdna Moulisov\u00e1 m\u00f4\u017ee tie\u017e prenies\u0165 osobn\u00e9 \u00fadaje pr\u00edjemcom. T\u00fdmito pr\u00edjemcami s\u00fa DPD s.r.o., \u010cESK\u00c1 PO\u0160TA s.p., Z\u00e1silkov\u0148a s.r.o. Takto pren\u00e1\u0161an\u00e9 osobn\u00e9 \u00fadaje s\u00fa vymedzen\u00e9 v rozsahu z\u00e1znamov o sprac\u00favan\u00ed osobn\u00fdch \u00fadajov.  <\/li><\/ol><ol><li>20. Ako bezpe\u010dn\u00fa formu prenosu osobn\u00fdch \u00fadajov si Krist\u00fdna Moulisov\u00e1 zvolila tieto mo\u017enosti: Prenos sa uskuto\u010d\u0148uje v s\u00eddle organiz\u00e1cie, S\u00fakromn\u00fd e-mail, Pracovn\u00fd e-mail, D\u00e1tov\u00e1 schr\u00e1nka, List, Doporu\u010den\u00fd list, Cloud, Webov\u00e9 \u00falo\u017eisko.<\/li><\/ol><ol><li>21. Krist\u00fdna Moulisov\u00e1 sa zav\u00e4zuje zlikvidova\u0165 osobn\u00e9 \u00fadaje po uplynut\u00ed doby sprac\u00favania osobn\u00fdch \u00fadajov.<\/li><\/ol><ol><li>22. Krist\u00fdna Moulisov\u00e1 sa zav\u00e4zuje vykon\u00e1va\u0165 pravideln\u00e9 \u0161kolenia poveren\u00fdch zamestnancov, a to najmenej raz ro\u010dne.<\/li><\/ol><ol><li>23. Krist\u00fdna Moulisov\u00e1 sa zav\u00e4zuje najmenej raz ro\u010dne vykona\u0165 kontrolu dodr\u017eiavania ochrany osobn\u00fdch \u00fadajov, reagova\u0165 na zistenia a hrozby, optimalizova\u0165 spracovanie, uchov\u00e1vanie a bezpe\u010dnos\u0165 osobn\u00fdch \u00fadajov a zaznamen\u00e1va\u0165 zmeny.<\/li><\/ol><ol><li>24. Krist\u00fdna Moulis sa zav\u00e4zuje vies\u0165 evidenciu \u017eiadost\u00ed o vymazanie, opravu a n\u00e1mietok proti spracovaniu. Zav\u00e4zuje sa tie\u017e vies\u0165 evidenciu dokumentov t\u00fdkaj\u00facich sa odpoved\u00ed a reakci\u00ed na sprac\u00favanie osobn\u00fdch \u00fadajov fyzick\u00fdch os\u00f4b. <\/li><\/ol><ol><li>25. Krist\u00fdna Moulisov\u00e1 sa zav\u00e4zuje vies\u0165 evidenciu bezpe\u010dnostn\u00fdch incidentov a n\u00e1pravn\u00fdch opatren\u00ed. V pr\u00edpade, \u017ee by sa vyskytol alebo vyskytol z\u00e1va\u017en\u00fd bezpe\u010dnostn\u00fd incident, ka\u017ed\u00fd zamestnanec, ktor\u00fd sa o takejto skuto\u010dnosti dozvie, ozn\u00e1mi t\u00fato skuto\u010dnos\u0165 osobe zodpovednej za ochranu \u00fadajov v organiz\u00e1cii. <\/li><\/ol><ol><li>26. Organiz\u00e1cia je povinn\u00e1 v pr\u00edpade z\u00e1va\u017en\u00e9ho bezpe\u010dnostn\u00e9ho incidentu ozn\u00e1mi\u0165 ka\u017ed\u00fd tak\u00fdto bezpe\u010dnostn\u00fd incident dozorn\u00e9mu org\u00e1nu do 72 hod\u00edn od jeho zistenia.<\/li><\/ol><ol><li>27. Ka\u017ed\u00e1 dotknut\u00e1 osoba, fyzick\u00e1 osoba, m\u00e1 pr\u00e1vo na inform\u00e1cie o osobn\u00fdch \u00fadajoch zaznamenan\u00fdch o jej osobe. Ak tak\u00e1to osoba uplatn\u00ed svoje pr\u00e1vo, t\u00e1to \u017eiados\u0165 sa post\u00fapi zodpovednej osobe, ktor\u00e1 zabezpe\u010d\u00ed splnenie informa\u010dnej povinnosti najnesk\u00f4r do 30 dn\u00ed. Christine Moulis zoh\u013eadn\u00ed primeranos\u0165 a frekvenciu tak\u00fdchto \u017eiadost\u00ed od toho ist\u00e9ho \u017eiadate\u013ea. O tom sa vyhotov\u00ed z\u00e1znam, v ktorom sa uvedie d\u00e1tum \u017eiadosti, meno \u017eiadate\u013ea, opis rie\u0161enia a ponech\u00e1 sa n\u00e1sledn\u00e1 k\u00f3pia listu s odpove\u010fou \u017eiadate\u013eovi na \u010fal\u0161ie d\u00f4kazy.   <\/li><\/ol><ol><li>28. Dotknut\u00e1 osoba m\u00e1 pr\u00e1vo na opravu osobn\u00fdch \u00fadajov zaznamenan\u00fdch v s\u00favislosti s jej osobou. Ak sa po\u017eaduje oprava, t\u00e1to oprava sa vykon\u00e1 s prihliadnut\u00edm na \u010fal\u0161ie okolnosti a mo\u017enosti. O tejto skuto\u010dnosti sa vyhotov\u00ed presved\u010div\u00fd z\u00e1znam.  <\/li><\/ol><ol><li>29. Dotknut\u00e1 osoba m\u00e1 pr\u00e1vo na vymazanie zaznamenan\u00fdch osobn\u00fdch \u00fadajov, ktor\u00e9 jej boli poskytnut\u00e9 na z\u00e1klade s\u00fahlasu alebo v\u00fdslovn\u00e9ho s\u00fahlasu, alebo t\u00fdch, pri ktor\u00fdch uplynula lehota na sprac\u00favanie, alebo ak organiz\u00e1cia us\u00fadi, \u017ee ich sprac\u00favanie u\u017e nie je potrebn\u00e9. O tejto \u017eiadosti a ka\u017edom vymazan\u00ed osobn\u00fdch \u00fadajov sa vyhotov\u00ed presved\u010div\u00fd z\u00e1znam, v ktorom sa uvedie d\u00e1tum \u017eiadosti, meno \u017eiadate\u013ea, opis rie\u0161enia a zabezpe\u010d\u00ed sa, aby sa po\u017eadovan\u00e9 \u00fadaje skuto\u010dne vymazali pre bud\u00face spracovanie zo v\u0161etk\u00fdch akt\u00edvnych syst\u00e9mov. <\/li><\/ol><ol><li>30. Dotknut\u00e1 osoba m\u00e1 pr\u00e1vo namieta\u0165 proti sprac\u00favaniu osobn\u00fdch \u00fadajov. Ak vznesie n\u00e1mietku, Krist\u00fdna Moulisov\u00e1 je povinn\u00e1 prija\u0165 kroky alebo vykona\u0165 opatrenia na obmedzenie sprac\u00favania tak\u00fdchto osobn\u00fdch \u00fadajov. O tom sa vyhotov\u00ed rozhoduj\u00faci z\u00e1znam s d\u00e1tumom \u017eiadosti, menom \u017eiadate\u013ea a opisom rie\u0161enia pr\u00edpadnej kontroly.  <\/li><\/ol><h3>IV. Sankcie <\/h3><ol><li>1. Ka\u017ed\u00e9mu zmluvn\u00e9mu partnerovi alebo subjektu v obdobnom pr\u00e1vnom vz\u0165ahu, ktor\u00fd poru\u0161\u00ed t\u00fato smernicu, bude ulo\u017een\u00e1 jednorazov\u00e1 pokuta vo v\u00fd\u0161ke 10 000 K\u010d.<\/li><li>2. Zmluvn\u00e9mu partnerovi alebo subjektu v obdobnom pr\u00e1vnom vz\u0165ahu, ktor\u00fd opakovane alebo zvl\u00e1\u0161\u0165 z\u00e1va\u017en\u00fdm sp\u00f4sobom poru\u0161\u00ed t\u00fato smernicu, sa ulo\u017e\u00ed pokuta a\u017e do v\u00fd\u0161ky 50 000 K\u010d.<\/li><li>3. Zamestnanec, ktor\u00fd poru\u0161\u00ed t\u00fato smernicu, je povinn\u00fd nahradi\u0165 zamestn\u00e1vate\u013eovi sp\u00f4soben\u00fa \u0161kodu v ka\u017edom jednotlivom pr\u00edpade a\u017e do v\u00fd\u0161ky 4,5 n\u00e1sobku priemern\u00e9ho platu.<\/li><\/ol><p> <\/p><h3>V. Zasielanie obchodn\u00fdch ozn\u00e1men\u00ed<\/h3><p>Kupuj\u00faci s\u00fahlas\u00ed so zasielan\u00edm inform\u00e1ci\u00ed t\u00fdkaj\u00facich sa tovaru, slu\u017eieb alebo podnikania pred\u00e1vaj\u00faceho na elektronick\u00fa adresu kupuj\u00faceho a \u010falej s\u00fahlas\u00ed so zasielan\u00edm obchodn\u00fdch ozn\u00e1men\u00ed od pred\u00e1vaj\u00faceho na elektronick\u00fa adresu kupuj\u00faceho. Pred\u00e1vaj\u00faci si pln\u00ed svoju informa\u010dn\u00fa povinnos\u0165 vo\u010di Kupuj\u00facemu v zmysle \u010dl. 13 GDPR t\u00fdkaj\u00facu sa sprac\u00favania osobn\u00fdch \u00fadajov Kupuj\u00faceho na \u00fa\u010dely zasielania obchodn\u00fdch ozn\u00e1men\u00ed prostredn\u00edctvom samostatn\u00e9ho dokumentu.<br>Kupuj\u00faci s\u00fahlas\u00ed s ukladan\u00edm tzv. cookies na svojom po\u010d\u00edta\u010di. V pr\u00edpade, \u017ee n\u00e1kup na webovej str\u00e1nke je mo\u017en\u00e9 uskuto\u010dni\u0165 a z\u00e1v\u00e4zky pred\u00e1vaj\u00faceho vypl\u00fdvaj\u00face z k\u00fapnej zmluvy splni\u0165 bez ukladania cookies na po\u010d\u00edta\u010di kupuj\u00faceho, m\u00f4\u017ee kupuj\u00faci s\u00fahlas pod\u013ea predch\u00e1dzaj\u00facej vety kedyko\u013evek odvola\u0165.     <br><br><strong>Doru\u010denie<\/strong><br>Kupuj\u00facemu m\u00f4\u017ee by\u0165 doru\u010den\u00e9 na elektronick\u00fa adresu Kupuj\u00faceho.<\/p><div> <\/div>\t\t\t\t\t\t\t\t<\/div>\n\t\t\t\t<\/div>\n\t\t\t\t\t<\/div>\n\t\t\t\t<\/div>\n\t\t\t\t<\/div>\n\t\t","protected":false},"excerpt":{"rendered":"<p>Ochrana osobn\u00fdch \u00fadajov D\u00e1tum poslednej zmeny smernice:15.8.2024 I. \u00davodn\u00e9 ustanovenia V tejto smernici sa stanovuj\u00fa z\u00e1sady ochrany zhroma\u017eden\u00fdch osobn\u00fdch \u00fadajov. Krist\u00fdna Moulisov\u00e1 sa t\u00fdmto zav\u00e4zuje dodr\u017eiava\u0165 v\u0161eobecn\u00fa ochranu osobn\u00fdch \u00fadajov platn\u00fa od 25. m\u00e1ja 2018 v s\u00falade s Nariaden\u00edm Eur\u00f3pskej komisie \u010d. 679 \/ 2016, tzv. GDPR (\u010falej len GDPR) a s n\u00edm s\u00favisiacou n\u00e1rodnou [&hellip;]<\/p>\n","protected":false},"author":1,"featured_media":0,"parent":0,"menu_order":0,"comment_status":"closed","ping_status":"closed","template":"","meta":{"_acf_changed":false,"footnotes":""},"class_list":["post-5731","page","type-page","status-publish","hentry"],"acf":[],"_links":{"self":[{"href":"https:\/\/www.rixon.eu\/sk\/wp-json\/wp\/v2\/pages\/5731","targetHints":{"allow":["GET"]}}],"collection":[{"href":"https:\/\/www.rixon.eu\/sk\/wp-json\/wp\/v2\/pages"}],"about":[{"href":"https:\/\/www.rixon.eu\/sk\/wp-json\/wp\/v2\/types\/page"}],"author":[{"embeddable":true,"href":"https:\/\/www.rixon.eu\/sk\/wp-json\/wp\/v2\/users\/1"}],"replies":[{"embeddable":true,"href":"https:\/\/www.rixon.eu\/sk\/wp-json\/wp\/v2\/comments?post=5731"}],"version-history":[{"count":0,"href":"https:\/\/www.rixon.eu\/sk\/wp-json\/wp\/v2\/pages\/5731\/revisions"}],"wp:attachment":[{"href":"https:\/\/www.rixon.eu\/sk\/wp-json\/wp\/v2\/media?parent=5731"}],"curies":[{"name":"wp","href":"https:\/\/api.w.org\/{rel}","templated":true}]}}