{"id":5400,"date":"2025-02-19T14:12:16","date_gmt":"2025-02-19T13:12:16","guid":{"rendered":"https:\/\/www.rixon.eu\/p\/nezaraden\u00e9\/airplugs\/"},"modified":"2025-07-26T01:01:51","modified_gmt":"2025-07-25T23:01:51","slug":"airplugs","status":"publish","type":"product","link":"https:\/\/www.rixon.eu\/sk\/p\/bezdrotove-sluchadla\/airplugs\/","title":{"rendered":"AirPlugs"},"content":{"rendered":"<p>H\u013ead\u00e1te kvalitn\u00e9 bezdr\u00f4tov\u00e9 sl\u00fachadl\u00e1 so zauj\u00edmav\u00fdm dizajnom a za rozumn\u00fa cenu? Na cesty, do \u0161koly, do pr\u00e1ce? M\u00e1me ich! A ako \u010dere\u0161ni\u010dku na torte prid\u00e1vame mo\u017enos\u0165 zapnutia hern\u00e9ho re\u017eimu, bluetooth 5.4 a dotykov\u00e9 ovl\u00e1danie. Bat\u00e9ria pon\u00faka celkov\u00fa v\u00fddr\u017e a\u017e 42 hod\u00edn, tak\u017ee s vami precestuj\u00fa cel\u00fd svet na jedno nabitie. Nab\u00edjajte na mieste a pokojne sa vr\u00e1\u0165te sp\u00e4\u0165. Ak niekedy platilo &#8222;ve\u013ea hudby za m\u00e1lo pe\u0148az\u00ed&#8220;, tak s na\u0161imi fantastick\u00fdmi sl\u00fachadlami AirPlugs! Tak nasko\u010dte, pripojte sa a z\u00edskajte neobmedzen\u00e9 z\u00e1\u017eitky a hudbu! Zapojte sa!<\/p>\n","protected":false},"excerpt":{"rendered":"<p>VZDUCHOV\u00c9 Z\u00c1TKY: ZAPOJTE DO Z\u00c1SUVKY<\/p>\n","protected":false},"featured_media":5773,"template":"","meta":{"_acf_changed":false},"product_brand":[48],"product_cat":[218],"product_tag":[],"class_list":{"0":"post-5400","1":"product","2":"type-product","3":"status-publish","4":"has-post-thumbnail","6":"product_brand-rixon","7":"product_cat-bezdrotove-sluchadla","9":"first","10":"instock","11":"taxable","12":"shipping-taxable","13":"purchasable","14":"product-type-simple"},"acf":[],"_links":{"self":[{"href":"https:\/\/www.rixon.eu\/sk\/wp-json\/wp\/v2\/product\/5400","targetHints":{"allow":["GET"]}}],"collection":[{"href":"https:\/\/www.rixon.eu\/sk\/wp-json\/wp\/v2\/product"}],"about":[{"href":"https:\/\/www.rixon.eu\/sk\/wp-json\/wp\/v2\/types\/product"}],"wp:featuredmedia":[{"embeddable":true,"href":"https:\/\/www.rixon.eu\/sk\/wp-json\/wp\/v2\/media\/5773"}],"wp:attachment":[{"href":"https:\/\/www.rixon.eu\/sk\/wp-json\/wp\/v2\/media?parent=5400"}],"wp:term":[{"taxonomy":"product_brand","embeddable":true,"href":"https:\/\/www.rixon.eu\/sk\/wp-json\/wp\/v2\/product_brand?post=5400"},{"taxonomy":"product_cat","embeddable":true,"href":"https:\/\/www.rixon.eu\/sk\/wp-json\/wp\/v2\/product_cat?post=5400"},{"taxonomy":"product_tag","embeddable":true,"href":"https:\/\/www.rixon.eu\/sk\/wp-json\/wp\/v2\/product_tag?post=5400"}],"curies":[{"name":"wp","href":"https:\/\/api.w.org\/{rel}","templated":true}]}}