{"id":5403,"date":"2025-03-05T14:41:37","date_gmt":"2025-03-05T13:41:37","guid":{"rendered":"https:\/\/www.rixon.eu\/p\/nezaraden\u00e9\/airshots\/"},"modified":"2025-03-14T16:41:05","modified_gmt":"2025-03-14T15:41:05","slug":"airshots","status":"publish","type":"product","link":"https:\/\/www.rixon.eu\/sk\/p\/bezdrotove-sluchadla\/airshots\/","title":{"rendered":"AirShots"},"content":{"rendered":"<p>Ke\u010f zapnete hern\u00fd re\u017eim, niekedy nechcete rie\u0161i\u0165 hovory. Ale nie ka\u017ed\u00fd de\u0148 je ide\u00e1lny, v\u0161ak? Niekedy v\u00e1m hovory jednoducho naru\u0161ia koncentr\u00e1ciu. V\u010faka technol\u00f3gii ENC si aspo\u0148 po\u010das hovoru s druhou stranou vychutn\u00e1te \u010dist\u00fd hlas bez ru\u0161iv\u00e9ho okolit\u00e9ho hluku. Fotoapar\u00e1ty AirShots maj\u00fa ve\u013ek\u00fa v\u00fddr\u017e bat\u00e9rie (a\u017e 38 hod\u00edn) a jednoduch\u00e9 dotykov\u00e9 ovl\u00e1danie. Sta\u010d\u00ed \u013eahk\u00fd dotyk a je hotovo! A ke\u010f sa bat\u00e9ria vybije, nab\u00edjanie cez USB-C v\u00e1m pom\u00f4\u017ee r\u00fdchlo ju doplni\u0165. Ak sa pri po\u010d\u00favan\u00ed krimi podcastov alebo hran\u00ed hry zapot\u00edte, nie je to \u017eiadny probl\u00e9m. Sl\u00fachadl\u00e1 Air Shots s\u00fa v\u010faka stup\u0148u krytia IPX4 odoln\u00e9 vo\u010di striekaj\u00facej vode alebo potu.<\/p>\n","protected":false},"excerpt":{"rendered":"<p>VZDUCHOV\u00c9 Z\u00c1TKY: ZAPOJTE DO Z\u00c1SUVKY<\/p>\n","protected":false},"featured_media":5767,"template":"","meta":{"_acf_changed":false},"product_brand":[48],"product_cat":[218],"product_tag":[],"class_list":{"0":"post-5403","1":"product","2":"type-product","3":"status-publish","4":"has-post-thumbnail","6":"product_brand-rixon","7":"product_cat-bezdrotove-sluchadla","9":"first","10":"instock","11":"taxable","12":"shipping-taxable","13":"purchasable","14":"product-type-simple"},"acf":[],"_links":{"self":[{"href":"https:\/\/www.rixon.eu\/sk\/wp-json\/wp\/v2\/product\/5403","targetHints":{"allow":["GET"]}}],"collection":[{"href":"https:\/\/www.rixon.eu\/sk\/wp-json\/wp\/v2\/product"}],"about":[{"href":"https:\/\/www.rixon.eu\/sk\/wp-json\/wp\/v2\/types\/product"}],"wp:featuredmedia":[{"embeddable":true,"href":"https:\/\/www.rixon.eu\/sk\/wp-json\/wp\/v2\/media\/5767"}],"wp:attachment":[{"href":"https:\/\/www.rixon.eu\/sk\/wp-json\/wp\/v2\/media?parent=5403"}],"wp:term":[{"taxonomy":"product_brand","embeddable":true,"href":"https:\/\/www.rixon.eu\/sk\/wp-json\/wp\/v2\/product_brand?post=5403"},{"taxonomy":"product_cat","embeddable":true,"href":"https:\/\/www.rixon.eu\/sk\/wp-json\/wp\/v2\/product_cat?post=5403"},{"taxonomy":"product_tag","embeddable":true,"href":"https:\/\/www.rixon.eu\/sk\/wp-json\/wp\/v2\/product_tag?post=5403"}],"curies":[{"name":"wp","href":"https:\/\/api.w.org\/{rel}","templated":true}]}}