{"id":5411,"date":"2025-03-06T10:05:55","date_gmt":"2025-03-06T09:05:55","guid":{"rendered":"https:\/\/www.rixon.eu\/p\/nezaraden\u00e9\/gamepods\/"},"modified":"2025-03-06T10:05:55","modified_gmt":"2025-03-06T09:05:55","slug":"gamepods","status":"publish","type":"product","link":"https:\/\/www.rixon.eu\/sk\/p\/bezdrotove-sluchadla\/gamepods\/","title":{"rendered":"GamePods"},"content":{"rendered":"<p>Za\u017eite symbi\u00f3zu vysokokvalitn\u00e9ho zvuku a hrania ako nikdy predt\u00fdm. Maxim\u00e1lny zvuk, minim\u00e1lne oneskorenie &#8211; kompaktn\u00e9 sl\u00fachadl\u00e1 GamePods s 13 mm meni\u010dmi s\u00fa sl\u00fachadl\u00e1 pre hr\u00e1\u010dov, ktor\u00ed to myslia v\u00e1\u017ene. Po otvoren\u00ed puzdra sa automaticky sp\u00e1ruj\u00fa s telef\u00f3nom alebo in\u00fdm zariaden\u00edm. Inteligentn\u00e9 tla\u010didl\u00e1 u\u013eah\u010duj\u00fa prechod do ak\u00e9hoko\u013evek akt\u00edvneho re\u017eimu, ktor\u00fd potrebujete. Eliminujte okolit\u00fd hluk, spo\u013eahnite sa na ochranu IPX4 a v\u00fddr\u017e bat\u00e9rie a\u017e 46 hod\u00edn&#8230; A&#8230; jednoducho. Play. Vytvorte si vlastn\u00fd hern\u00fd svet a nenechajte sa ni\u010d\u00edm a nik\u00fdm ru\u0161i\u0165!       <\/p>\n","protected":false},"excerpt":{"rendered":"<p>VZDUCHOV\u00c9 Z\u00c1TKY: ZAPOJTE DO Z\u00c1SUVKY<\/p>\n","protected":false},"featured_media":6191,"template":"","meta":{"_acf_changed":false},"product_brand":[48],"product_cat":[218],"product_tag":[],"class_list":{"0":"post-5411","1":"product","2":"type-product","3":"status-publish","4":"has-post-thumbnail","6":"product_brand-rixon","7":"product_cat-bezdrotove-sluchadla","9":"first","10":"instock","11":"taxable","12":"shipping-taxable","13":"purchasable","14":"product-type-simple"},"acf":[],"_links":{"self":[{"href":"https:\/\/www.rixon.eu\/sk\/wp-json\/wp\/v2\/product\/5411","targetHints":{"allow":["GET"]}}],"collection":[{"href":"https:\/\/www.rixon.eu\/sk\/wp-json\/wp\/v2\/product"}],"about":[{"href":"https:\/\/www.rixon.eu\/sk\/wp-json\/wp\/v2\/types\/product"}],"wp:featuredmedia":[{"embeddable":true,"href":"https:\/\/www.rixon.eu\/sk\/wp-json\/wp\/v2\/media\/6191"}],"wp:attachment":[{"href":"https:\/\/www.rixon.eu\/sk\/wp-json\/wp\/v2\/media?parent=5411"}],"wp:term":[{"taxonomy":"product_brand","embeddable":true,"href":"https:\/\/www.rixon.eu\/sk\/wp-json\/wp\/v2\/product_brand?post=5411"},{"taxonomy":"product_cat","embeddable":true,"href":"https:\/\/www.rixon.eu\/sk\/wp-json\/wp\/v2\/product_cat?post=5411"},{"taxonomy":"product_tag","embeddable":true,"href":"https:\/\/www.rixon.eu\/sk\/wp-json\/wp\/v2\/product_tag?post=5411"}],"curies":[{"name":"wp","href":"https:\/\/api.w.org\/{rel}","templated":true}]}}