{"id":5419,"date":"2025-03-06T13:14:38","date_gmt":"2025-03-06T12:14:38","guid":{"rendered":"https:\/\/www.rixon.eu\/p\/nezaraden\u00e9\/zvukove-dosky\/"},"modified":"2025-03-13T07:41:05","modified_gmt":"2025-03-13T06:41:05","slug":"soundplates","status":"publish","type":"product","link":"https:\/\/www.rixon.eu\/sk\/p\/bezdrotove-sluchadla\/soundplates\/","title":{"rendered":"Soundplates"},"content":{"rendered":"<p>Niekedy je pr\u00edjemn\u00e9 ma\u0165 na u\u0161iach poriadne chr\u00e1ni\u010de sluchu! \u010ci u\u017e hu\u010d\u00ed, \u010di pr\u0161\u00ed, \u010di sme v otvorenom sp\u00e1nku alebo len chceme poriadny zvuk a chceme ho ma\u0165 prilepen\u00fd na u\u0161iach! Navy\u0161e s n\u00e1lo\u017eou bat\u00e9rie s v\u00fddr\u017eou a\u017e 76 hod\u00edn, ako aj s hybridn\u00fdm ANC, asi nemus\u00edme hovori\u0165 viac?<\/p>\n<p>Do hudby alebo zvuku hry sa ponor\u00edte ako nikdy predt\u00fdm. Skuto\u010dne. Nenechajte sa ru\u0161i\u0165 ani na sekundu! V\u010faka mo\u017enosti prepnutia do hern\u00e9ho re\u017eimu si maxim\u00e1lne u\u017eijete a tieto zvukov\u00e9 dosky nebudete chcie\u0165 da\u0165 dole. Pri telefonovan\u00ed funkcia ENC potla\u010d\u00ed okolit\u00e9 zvuky. Tak\u017ee budete po\u010du\u0165 len vy, druh\u00e1 strana a \u010dist\u00fd hlas. Funkcia ANC potom kr\u00e1sne zablokuje okolit\u00fd hluk, zatia\u013e \u010do vy po\u010d\u00favate. Sl\u00fachadl\u00e1 tie\u017e umo\u017e\u0148uj\u00fa pripoji\u0165 sa k dvom zariadeniam cez Bluetooth 5.3 a potom medzi nimi \u013eubovo\u013ene preskakova\u0165. A ako dr\u017eia na hlave? Aj to je d\u00f4le\u017eit\u00e9, ak sa s nimi chyst\u00e1te tr\u00e1vi\u0165 kvalitn\u00fd \u010das (v tomto pr\u00edpade a\u017e 3 dni)! S\u00fa nastavite\u013en\u00e9, tak\u017ee sa nemus\u00edte ob\u00e1va\u0165 nepohodlia. Ak im predsa len d\u00f4jde \u0161\u0165ava, jednoducho im dod\u00e1te \u0161\u0165avu pomocou konektora AUX pripojen\u00e9ho k nap\u00e1jaciemu zdroju a m\u00f4\u017eete po\u010d\u00fava\u0165 v pohodl\u00ed \u010falej.<\/p>\n","protected":false},"excerpt":{"rendered":"<p>VZDUCHOV\u00c9 Z\u00c1TKY: ZAPOJTE DO Z\u00c1SUVKY<\/p>\n","protected":false},"featured_media":5661,"template":"","meta":{"_acf_changed":false},"product_brand":[48],"product_cat":[218],"product_tag":[],"class_list":{"0":"post-5419","1":"product","2":"type-product","3":"status-publish","4":"has-post-thumbnail","6":"product_brand-rixon","7":"product_cat-bezdrotove-sluchadla","9":"first","10":"instock","11":"taxable","12":"shipping-taxable","13":"purchasable","14":"product-type-simple"},"acf":[],"_links":{"self":[{"href":"https:\/\/www.rixon.eu\/sk\/wp-json\/wp\/v2\/product\/5419","targetHints":{"allow":["GET"]}}],"collection":[{"href":"https:\/\/www.rixon.eu\/sk\/wp-json\/wp\/v2\/product"}],"about":[{"href":"https:\/\/www.rixon.eu\/sk\/wp-json\/wp\/v2\/types\/product"}],"wp:featuredmedia":[{"embeddable":true,"href":"https:\/\/www.rixon.eu\/sk\/wp-json\/wp\/v2\/media\/5661"}],"wp:attachment":[{"href":"https:\/\/www.rixon.eu\/sk\/wp-json\/wp\/v2\/media?parent=5419"}],"wp:term":[{"taxonomy":"product_brand","embeddable":true,"href":"https:\/\/www.rixon.eu\/sk\/wp-json\/wp\/v2\/product_brand?post=5419"},{"taxonomy":"product_cat","embeddable":true,"href":"https:\/\/www.rixon.eu\/sk\/wp-json\/wp\/v2\/product_cat?post=5419"},{"taxonomy":"product_tag","embeddable":true,"href":"https:\/\/www.rixon.eu\/sk\/wp-json\/wp\/v2\/product_tag?post=5419"}],"curies":[{"name":"wp","href":"https:\/\/api.w.org\/{rel}","templated":true}]}}