{"id":5428,"date":"2025-03-06T15:00:51","date_gmt":"2025-03-06T14:00:51","guid":{"rendered":"https:\/\/www.rixon.eu\/p\/nezaraden\u00e9\/spirit\/"},"modified":"2025-03-14T16:26:21","modified_gmt":"2025-03-14T15:26:21","slug":"spirit","status":"publish","type":"product","link":"https:\/\/www.rixon.eu\/sk\/p\/bezdrotove-reproduktory\/spirit\/","title":{"rendered":"Spirit"},"content":{"rendered":"<p>Ako m\u00e1vnut\u00edm \u010darovn\u00e9ho pr\u00fatika v inom prostred\u00ed, v inej n\u00e1lade, mo\u017eno na inej plan\u00e9te? No \u00e1no, \u017eiadny probl\u00e9m! Vysk\u00fa\u0161ajte n\u00e1\u0161 reproduktor Rixon Spirit s v\u00fddr\u017eou bat\u00e9rie a\u017e 18 hod\u00edn, ochranou proti po\u0161kodeniu vodou IPX5, syst\u00e9mom Rixon Twinstream a star\u00fdm dobr\u00fdm k\u00e1blom AUX. Mo\u017enos\u0165 handsfree na telefonovanie cez reproduktor je \u010dere\u0161ni\u010dkou na torte! Nechajte sa vtiahnu\u0165 do deja. Nechajte si po poko\u017eke prebehn\u00fa\u0165 zn\u00e1me mrav\u010denie. Nechajte sa vtiahnu\u0165 do prv\u00e9ho radu na koncerte va\u0161ej ob\u013e\u00fabenej kapely. Preneste sa na pl\u00e1\u017e za zvukov reggaetonu. Dovo\u013ete si intenz\u00edvnej\u0161ie pre\u017ei\u0165 ducha okamihu. \u010ci u\u017e sami, alebo spolu s najbli\u017e\u0161\u00edmi.<\/p>\n","protected":false},"excerpt":{"rendered":"<p>VZDUCHOV\u00c9 Z\u00c1TKY: ZAPOJTE DO Z\u00c1SUVKY<\/p>\n","protected":false},"featured_media":5757,"template":"","meta":{"_acf_changed":false},"product_brand":[48],"product_cat":[376],"product_tag":[],"class_list":{"0":"post-5428","1":"product","2":"type-product","3":"status-publish","4":"has-post-thumbnail","6":"product_brand-rixon","7":"product_cat-bezdrotove-reproduktory","9":"first","10":"instock","11":"taxable","12":"shipping-taxable","13":"purchasable","14":"product-type-simple"},"acf":[],"_links":{"self":[{"href":"https:\/\/www.rixon.eu\/sk\/wp-json\/wp\/v2\/product\/5428","targetHints":{"allow":["GET"]}}],"collection":[{"href":"https:\/\/www.rixon.eu\/sk\/wp-json\/wp\/v2\/product"}],"about":[{"href":"https:\/\/www.rixon.eu\/sk\/wp-json\/wp\/v2\/types\/product"}],"wp:featuredmedia":[{"embeddable":true,"href":"https:\/\/www.rixon.eu\/sk\/wp-json\/wp\/v2\/media\/5757"}],"wp:attachment":[{"href":"https:\/\/www.rixon.eu\/sk\/wp-json\/wp\/v2\/media?parent=5428"}],"wp:term":[{"taxonomy":"product_brand","embeddable":true,"href":"https:\/\/www.rixon.eu\/sk\/wp-json\/wp\/v2\/product_brand?post=5428"},{"taxonomy":"product_cat","embeddable":true,"href":"https:\/\/www.rixon.eu\/sk\/wp-json\/wp\/v2\/product_cat?post=5428"},{"taxonomy":"product_tag","embeddable":true,"href":"https:\/\/www.rixon.eu\/sk\/wp-json\/wp\/v2\/product_tag?post=5428"}],"curies":[{"name":"wp","href":"https:\/\/api.w.org\/{rel}","templated":true}]}}