{"id":5429,"date":"2025-03-06T14:18:16","date_gmt":"2025-03-06T13:18:16","guid":{"rendered":"https:\/\/www.rixon.eu\/p\/nezaraden\u00e9\/datovy-a-nabijaci-kabel-usb-c-lightning\/"},"modified":"2025-03-06T14:18:16","modified_gmt":"2025-03-06T13:18:16","slug":"datovy-a-nabijaci-kabel-usb-c-lightning","status":"publish","type":"product","link":"https:\/\/www.rixon.eu\/sk\/p\/prislusenstvo\/datovy-a-nabijaci-kabel-usb-c-lightning\/","title":{"rendered":"D\u00e1tov\u00fd a nab\u00edjac\u00ed k\u00e1bel USB-C\/Lightning"},"content":{"rendered":"","protected":false},"excerpt":{"rendered":"<p>VZDUCHOV\u00c9 Z\u00c1TKY: ZAPOJTE DO Z\u00c1SUVKY<\/p>\n","protected":false},"featured_media":6361,"template":"","meta":{"_acf_changed":false},"product_brand":[48],"product_cat":[273],"product_tag":[],"class_list":{"0":"post-5429","1":"product","2":"type-product","3":"status-publish","4":"has-post-thumbnail","6":"product_brand-rixon","7":"product_cat-prislusenstvo","9":"first","10":"instock","11":"taxable","12":"shipping-taxable","13":"purchasable","14":"product-type-simple"},"acf":[],"_links":{"self":[{"href":"https:\/\/www.rixon.eu\/sk\/wp-json\/wp\/v2\/product\/5429","targetHints":{"allow":["GET"]}}],"collection":[{"href":"https:\/\/www.rixon.eu\/sk\/wp-json\/wp\/v2\/product"}],"about":[{"href":"https:\/\/www.rixon.eu\/sk\/wp-json\/wp\/v2\/types\/product"}],"wp:featuredmedia":[{"embeddable":true,"href":"https:\/\/www.rixon.eu\/sk\/wp-json\/wp\/v2\/media\/6361"}],"wp:attachment":[{"href":"https:\/\/www.rixon.eu\/sk\/wp-json\/wp\/v2\/media?parent=5429"}],"wp:term":[{"taxonomy":"product_brand","embeddable":true,"href":"https:\/\/www.rixon.eu\/sk\/wp-json\/wp\/v2\/product_brand?post=5429"},{"taxonomy":"product_cat","embeddable":true,"href":"https:\/\/www.rixon.eu\/sk\/wp-json\/wp\/v2\/product_cat?post=5429"},{"taxonomy":"product_tag","embeddable":true,"href":"https:\/\/www.rixon.eu\/sk\/wp-json\/wp\/v2\/product_tag?post=5429"}],"curies":[{"name":"wp","href":"https:\/\/api.w.org\/{rel}","templated":true}]}}