{"id":5432,"date":"2025-03-06T20:05:48","date_gmt":"2025-03-06T19:05:48","guid":{"rendered":"https:\/\/www.rixon.eu\/p\/nezaraden\u00e9\/bigboss\/"},"modified":"2025-03-06T20:05:48","modified_gmt":"2025-03-06T19:05:48","slug":"bigboss","status":"publish","type":"product","link":"https:\/\/www.rixon.eu\/sk\/p\/bezdrotove-reproduktory\/bigboss\/","title":{"rendered":"BigBoss"},"content":{"rendered":"<p>Prelomte letargiu so \u0161\u00e9fom! Sko\u010dte do nabitej ak\u010dnej n\u00e1lady, ktor\u00e1 v\u00e1m pom\u00f4\u017ee urobi\u0165 \u010doko\u013evek na svete! Dosiahnite svoje ciele pomocou magick\u00e9ho potenci\u00e1lu hudby. Vyspite si nov\u00e9 pl\u00e1ny, na\u017ehavte sa s partnerom, ponorte sa do hlbokej pr\u00e1ce alebo si rozpr\u00fadite krv v \u017eil\u00e1ch s motiva\u010dnou hudbou na tr\u00e9ning.   <\/p>\n<p>Pote\u0161\u00ed v\u00e1s \u010dip DSP, ktor\u00fd zabezpe\u010duje celkov\u00e9 &#8222;vyladenie zvuku&#8220;, v\u00fddr\u017e bat\u00e9rie (a\u017e 23 hod\u00edn) a odolnos\u0165 IPX6. Ekvaliz\u00e9r je samozrejme ur\u010den\u00fd pre vonkaj\u0161ie aj vn\u00fatorn\u00e9 pou\u017eitie. Prid\u00e1vajte hlasitos\u0165 alebo basy pod\u013ea svojich predst\u00e1v. Rixon Big Boss m\u00f4\u017eete sp\u00e1rova\u0165 a prehr\u00e1va\u0165 s\u00fa\u010dasne z jedn\u00e9ho zdroja. Tento k\u00fasok sa d\u00e1 pou\u017ei\u0165 aj ako pr\u00edle\u017eitostn\u00e1 powerbanka &#8211; jednoducho po\u0161lite \u0161\u0165avu do in\u00e9ho zariadenia cez samostatn\u00fd v\u00fdstup USB! Ide\u00e1lne pre spolo\u010dn\u00e9 chv\u00edle.     <\/p>\n","protected":false},"excerpt":{"rendered":"<p>VZDUCHOV\u00c9 Z\u00c1TKY: ZAPOJTE DO Z\u00c1SUVKY<\/p>\n","protected":false},"featured_media":6343,"template":"","meta":{"_acf_changed":false},"product_brand":[48],"product_cat":[376],"product_tag":[],"class_list":{"0":"post-5432","1":"product","2":"type-product","3":"status-publish","4":"has-post-thumbnail","6":"product_brand-rixon","7":"product_cat-bezdrotove-reproduktory","9":"first","10":"instock","11":"taxable","12":"shipping-taxable","13":"purchasable","14":"product-type-simple"},"acf":[],"_links":{"self":[{"href":"https:\/\/www.rixon.eu\/sk\/wp-json\/wp\/v2\/product\/5432","targetHints":{"allow":["GET"]}}],"collection":[{"href":"https:\/\/www.rixon.eu\/sk\/wp-json\/wp\/v2\/product"}],"about":[{"href":"https:\/\/www.rixon.eu\/sk\/wp-json\/wp\/v2\/types\/product"}],"wp:featuredmedia":[{"embeddable":true,"href":"https:\/\/www.rixon.eu\/sk\/wp-json\/wp\/v2\/media\/6343"}],"wp:attachment":[{"href":"https:\/\/www.rixon.eu\/sk\/wp-json\/wp\/v2\/media?parent=5432"}],"wp:term":[{"taxonomy":"product_brand","embeddable":true,"href":"https:\/\/www.rixon.eu\/sk\/wp-json\/wp\/v2\/product_brand?post=5432"},{"taxonomy":"product_cat","embeddable":true,"href":"https:\/\/www.rixon.eu\/sk\/wp-json\/wp\/v2\/product_cat?post=5432"},{"taxonomy":"product_tag","embeddable":true,"href":"https:\/\/www.rixon.eu\/sk\/wp-json\/wp\/v2\/product_tag?post=5432"}],"curies":[{"name":"wp","href":"https:\/\/api.w.org\/{rel}","templated":true}]}}